{"id":1061,"date":"2023-08-22T09:47:37","date_gmt":"2023-08-22T07:47:37","guid":{"rendered":"https:\/\/www.wheelercleaner.be\/?page_id=1061"},"modified":"2023-08-30T21:59:56","modified_gmt":"2023-08-30T19:59:56","slug":"a-propos","status":"publish","type":"page","link":"https:\/\/www.wheelercleaner.be\/index.php\/a-propos\/","title":{"rendered":"A propos"},"content":{"rendered":"\t\t<div data-elementor-type=\"wp-page\" data-elementor-id=\"1061\" class=\"elementor elementor-1061\">\n\t\t\t\t\t\t<section class=\"elementor-section elementor-top-section elementor-element elementor-element-d677d6f elementor-section-boxed elementor-section-height-default elementor-section-height-default\" data-id=\"d677d6f\" data-element_type=\"section\" data-e-type=\"section\">\n\t\t\t\t\t\t<div class=\"elementor-container elementor-column-gap-default\">\n\t\t\t\t\t<div class=\"elementor-column elementor-col-100 elementor-top-column elementor-element elementor-element-8e2856b\" data-id=\"8e2856b\" data-element_type=\"column\" data-e-type=\"column\">\n\t\t\t<div class=\"elementor-widget-wrap elementor-element-populated\">\n\t\t\t\t\t\t<div class=\"elementor-element elementor-element-bc9610f elementor-widget elementor-widget-heading\" data-id=\"bc9610f\" data-element_type=\"widget\" data-e-type=\"widget\" data-widget_type=\"heading.default\">\n\t\t\t\t<div class=\"elementor-widget-container\">\n\t\t\t\t\t<h2 class=\"elementor-heading-title elementor-size-default\">A propos de Wheeler Cleaner<\/h2>\t\t\t\t<\/div>\n\t\t\t\t<\/div>\n\t\t\t\t\t<\/div>\n\t\t<\/div>\n\t\t\t\t\t<\/div>\n\t\t<\/section>\n\t\t\t\t<section class=\"elementor-section elementor-top-section elementor-element elementor-element-4e13d0a elementor-section-boxed elementor-section-height-default elementor-section-height-default\" data-id=\"4e13d0a\" data-element_type=\"section\" data-e-type=\"section\">\n\t\t\t\t\t\t<div class=\"elementor-container elementor-column-gap-default\">\n\t\t\t\t\t<div class=\"elementor-column elementor-col-50 elementor-top-column elementor-element elementor-element-b18f428\" data-id=\"b18f428\" data-element_type=\"column\" data-e-type=\"column\">\n\t\t\t<div class=\"elementor-widget-wrap elementor-element-populated\">\n\t\t\t\t\t\t<div class=\"elementor-element elementor-element-a1e30ba elementor-widget elementor-widget-spacer\" data-id=\"a1e30ba\" data-element_type=\"widget\" data-e-type=\"widget\" data-widget_type=\"spacer.default\">\n\t\t\t\t<div class=\"elementor-widget-container\">\n\t\t\t\t\t\t\t<div class=\"elementor-spacer\">\n\t\t\t<div class=\"elementor-spacer-inner\"><\/div>\n\t\t<\/div>\n\t\t\t\t\t\t<\/div>\n\t\t\t\t<\/div>\n\t\t\t\t<div class=\"elementor-element elementor-element-f13da53 elementor-widget elementor-widget-heading\" data-id=\"f13da53\" data-element_type=\"widget\" data-e-type=\"widget\" data-widget_type=\"heading.default\">\n\t\t\t\t<div class=\"elementor-widget-container\">\n\t\t\t\t\t<h2 class=\"elementor-heading-title elementor-size-medium\">Qui sommes nous ? <\/h2>\t\t\t\t<\/div>\n\t\t\t\t<\/div>\n\t\t\t\t\t<\/div>\n\t\t<\/div>\n\t\t\t\t<div class=\"elementor-column elementor-col-50 elementor-top-column elementor-element elementor-element-4b51cc1\" data-id=\"4b51cc1\" data-element_type=\"column\" data-e-type=\"column\">\n\t\t\t<div class=\"elementor-widget-wrap elementor-element-populated\">\n\t\t\t\t\t\t<div class=\"elementor-element elementor-element-836ee22 elementor-widget elementor-widget-text-editor\" data-id=\"836ee22\" data-element_type=\"widget\" data-e-type=\"widget\" data-widget_type=\"text-editor.default\">\n\t\t\t\t<div class=\"elementor-widget-container\">\n\t\t\t\t\t\t\t\t\t<p>Wheeler Cleaner est une entreprise situ\u00e9e dans la r\u00e9gion de Charleroi sp\u00e9cialis\u00e9e dans l&rsquo;entretien automobile.\u00a0<\/p><p>Julien, le g\u00e9rant, a eu la passion de l&rsquo;automobile en r\u00e9alisant son r\u00eave, acqu\u00e9rir une mustang de 1968. De l\u00e0 est partie l&rsquo;envie d&rsquo;apprendre plus, c&rsquo;est pourquoi il a suivis 3 ans d&rsquo;\u00e9tudes pour avoir son dipl\u00f4me de carrossier &#8211; pr\u00e9parateur &#8211; peintre. Durant ces 3 ans, d&rsquo;autres passions ont vu le jour tel que le reconditionnement des int\u00e9rieurs et ext\u00e9rieurs et la combinaison de tout cela a fait la naissance de Wheeler Cleaner.<\/p><p>En 2021, apr\u00e8s une formation pouss\u00e9e sur l&rsquo;utilisation de leurs produits, nous avons eu la certification de la marque italienne Labocosmetica qui travaille \u00e9troitement avec des grandes marques automobile sportive afin de proposer une gamme de produit haut de gamme qui pr\u00e9serve dans le temps les carrosseries et les int\u00e9rieurs.<\/p>\t\t\t\t\t\t\t\t<\/div>\n\t\t\t\t<\/div>\n\t\t\t\t<div class=\"elementor-element elementor-element-2ef3a02 elementor-widget-divider--view-line_icon elementor-view-default elementor-widget-divider--element-align-center elementor-widget elementor-widget-divider\" data-id=\"2ef3a02\" data-element_type=\"widget\" data-e-type=\"widget\" data-widget_type=\"divider.default\">\n\t\t\t\t<div class=\"elementor-widget-container\">\n\t\t\t\t\t\t\t<div class=\"elementor-divider\">\n\t\t\t<span class=\"elementor-divider-separator\">\n\t\t\t\t\t\t\t<div class=\"elementor-icon elementor-divider__element\">\n\t\t\t\t\t<i aria-hidden=\"true\" class=\"fas fa-star\"><\/i><\/div>\n\t\t\t\t\t\t<\/span>\n\t\t<\/div>\n\t\t\t\t\t\t<\/div>\n\t\t\t\t<\/div>\n\t\t\t\t\t<\/div>\n\t\t<\/div>\n\t\t\t\t\t<\/div>\n\t\t<\/section>\n\t\t\t\t<section class=\"elementor-section elementor-top-section elementor-element elementor-element-ebc9ff5 elementor-section-boxed elementor-section-height-default elementor-section-height-default\" data-id=\"ebc9ff5\" data-element_type=\"section\" data-e-type=\"section\">\n\t\t\t\t\t\t<div class=\"elementor-container elementor-column-gap-default\">\n\t\t\t\t\t<div class=\"elementor-column elementor-col-50 elementor-top-column elementor-element elementor-element-52166a3\" data-id=\"52166a3\" data-element_type=\"column\" data-e-type=\"column\">\n\t\t\t<div class=\"elementor-widget-wrap elementor-element-populated\">\n\t\t\t\t\t\t<div class=\"elementor-element elementor-element-b78a0fe elementor-widget elementor-widget-spacer\" data-id=\"b78a0fe\" data-element_type=\"widget\" data-e-type=\"widget\" data-widget_type=\"spacer.default\">\n\t\t\t\t<div class=\"elementor-widget-container\">\n\t\t\t\t\t\t\t<div class=\"elementor-spacer\">\n\t\t\t<div class=\"elementor-spacer-inner\"><\/div>\n\t\t<\/div>\n\t\t\t\t\t\t<\/div>\n\t\t\t\t<\/div>\n\t\t\t\t<div class=\"elementor-element elementor-element-abcfb38 elementor-widget elementor-widget-heading\" data-id=\"abcfb38\" data-element_type=\"widget\" data-e-type=\"widget\" data-widget_type=\"heading.default\">\n\t\t\t\t<div class=\"elementor-widget-container\">\n\t\t\t\t\t<h2 class=\"elementor-heading-title elementor-size-medium\"><span style=\"color: var(--ast-global-color-2);font-size: 19px;text-align: center;background-color: var(--ast-global-color-4)\">Comment travaillons-nous ?<\/span><\/h2>\t\t\t\t<\/div>\n\t\t\t\t<\/div>\n\t\t\t\t\t<\/div>\n\t\t<\/div>\n\t\t\t\t<div class=\"elementor-column elementor-col-50 elementor-top-column elementor-element elementor-element-cc0e040\" data-id=\"cc0e040\" data-element_type=\"column\" data-e-type=\"column\">\n\t\t\t<div class=\"elementor-widget-wrap elementor-element-populated\">\n\t\t\t\t\t\t<div class=\"elementor-element elementor-element-6723b05 elementor-widget elementor-widget-text-editor\" data-id=\"6723b05\" data-element_type=\"widget\" data-e-type=\"widget\" data-widget_type=\"text-editor.default\">\n\t\t\t\t<div class=\"elementor-widget-container\">\n\t\t\t\t\t\t\t\t\t<p>Via une planification de rendez-vous directement sur ce site, vous pouvez nous demander de venir prendre soin de votre v\u00e9hicule. Il n&rsquo;y a pas diff\u00e9rentes formules, nous proposons directement le haut de gamme car ce n&rsquo;est pas dans notre philosophie de laisser des d\u00e9tails sous pr\u00e9texte que ce n&rsquo;\u00e9tait pas pr\u00e9vu dans le devis.<\/p>\n<p>De ce fait, nous vous proposons \u00e9galement un contrat annuel o\u00f9 l&rsquo;entretien de l&rsquo;ext\u00e9rieur et int\u00e9rieur de votre v\u00e9hicule sera suivis de A \u00e0 Z tout au long de l&rsquo;ann\u00e9e. Un planning \u00e0 la carte sera propos\u00e9 en fonction des d\u00e9sid\u00e9ratas du client et de notre cot\u00e9 nous pourrons pousser le nettoyage encore plus en profondeur.&nbsp;<br>N\u00e9anmoins que ce soit via contrat annuel ou rendez-vous unique nous suivons une proc\u00e9dure de nettoyage tr\u00e8s stricte afin de pr\u00e9server et prot\u00e9ger votre bien. En voici les grosses lignes :&nbsp;<\/p>\n<ul>\n<li>Etape 1 : Pr\u00e9lavage \u00e0 la foam lance.<\/li>\n<li>Etape 2 : D\u00e9contamination chimique ferreux et goudronnant<\/li>\n<li>Etape 3 : Application \u00e0 la foam lance d&rsquo;une mousse d\u00e9contaminante et nettoyante pour le nettoyage \u00e0 la technique des deux sceaux.<\/li>\n<li>Etape 4 : Application d&rsquo;un wet coat qui par sa particularit\u00e9 hydrophobe et protectrice gardera votre voiture propre plus longtemps.&nbsp;<\/li>\n<li>Etape 5 : Sechage \u00e0 l&rsquo;air chaud afin de limiter les frottements sur la carrosserie et chasser l&rsquo;eau qui stagne dans les joints.<\/li>\n<li>Nettoyage vitre et finitions<\/li>\n<\/ul>\t\t\t\t\t\t\t\t<\/div>\n\t\t\t\t<\/div>\n\t\t\t\t<div class=\"elementor-element elementor-element-a237cc4 elementor-widget-divider--view-line_icon elementor-view-default elementor-widget-divider--element-align-center elementor-widget elementor-widget-divider\" data-id=\"a237cc4\" data-element_type=\"widget\" data-e-type=\"widget\" data-widget_type=\"divider.default\">\n\t\t\t\t<div class=\"elementor-widget-container\">\n\t\t\t\t\t\t\t<div class=\"elementor-divider\">\n\t\t\t<span class=\"elementor-divider-separator\">\n\t\t\t\t\t\t\t<div class=\"elementor-icon elementor-divider__element\">\n\t\t\t\t\t<i aria-hidden=\"true\" class=\"fas fa-star\"><\/i><\/div>\n\t\t\t\t\t\t<\/span>\n\t\t<\/div>\n\t\t\t\t\t\t<\/div>\n\t\t\t\t<\/div>\n\t\t\t\t\t<\/div>\n\t\t<\/div>\n\t\t\t\t\t<\/div>\n\t\t<\/section>\n\t\t\t\t<section class=\"elementor-section elementor-top-section elementor-element elementor-element-1a47fdb elementor-section-boxed elementor-section-height-default elementor-section-height-default\" data-id=\"1a47fdb\" data-element_type=\"section\" data-e-type=\"section\">\n\t\t\t\t\t\t<div class=\"elementor-container elementor-column-gap-default\">\n\t\t\t\t\t<div class=\"elementor-column elementor-col-50 elementor-top-column elementor-element elementor-element-f6e32b3\" data-id=\"f6e32b3\" data-element_type=\"column\" data-e-type=\"column\">\n\t\t\t<div class=\"elementor-widget-wrap elementor-element-populated\">\n\t\t\t\t\t\t<div class=\"elementor-element elementor-element-79dedaa elementor-widget elementor-widget-spacer\" data-id=\"79dedaa\" data-element_type=\"widget\" data-e-type=\"widget\" data-widget_type=\"spacer.default\">\n\t\t\t\t<div class=\"elementor-widget-container\">\n\t\t\t\t\t\t\t<div class=\"elementor-spacer\">\n\t\t\t<div class=\"elementor-spacer-inner\"><\/div>\n\t\t<\/div>\n\t\t\t\t\t\t<\/div>\n\t\t\t\t<\/div>\n\t\t\t\t<div class=\"elementor-element elementor-element-b3b5e7c elementor-widget elementor-widget-heading\" data-id=\"b3b5e7c\" data-element_type=\"widget\" data-e-type=\"widget\" data-widget_type=\"heading.default\">\n\t\t\t\t<div class=\"elementor-widget-container\">\n\t\t\t\t\t<h2 class=\"elementor-heading-title elementor-size-medium\">Quels sont les services propos\u00e9s dans notre atelier ?<\/h2>\t\t\t\t<\/div>\n\t\t\t\t<\/div>\n\t\t\t\t\t<\/div>\n\t\t<\/div>\n\t\t\t\t<div class=\"elementor-column elementor-col-50 elementor-top-column elementor-element elementor-element-1ba60f7\" data-id=\"1ba60f7\" data-element_type=\"column\" data-e-type=\"column\">\n\t\t\t<div class=\"elementor-widget-wrap elementor-element-populated\">\n\t\t\t\t\t\t<div class=\"elementor-element elementor-element-44c3910 elementor-widget elementor-widget-text-editor\" data-id=\"44c3910\" data-element_type=\"widget\" data-e-type=\"widget\" data-widget_type=\"text-editor.default\">\n\t\t\t\t<div class=\"elementor-widget-container\">\n\t\t\t\t\t\t\t\t\t<p>Nous disposons \u00e9galement d&rsquo;un grand atelier qui facilitera certaines grosses prestations. Il est possible d&rsquo;introduire celles-ci dans le contrat d&rsquo;entretien afin d&rsquo;\u00e9taler les paiements sur l&rsquo;ann\u00e9e. Nos prestations \u00e0 l&rsquo;atelier :\u00a0<\/p><ul><li>Polissage carrosserie afin de retirer jusqu&rsquo;\u00e0 90% des micros-griffures.<\/li><li>Pose c\u00e9ramique\u00a0<\/li><li>Reconditionnement suite \u00e0 l&rsquo;achat, la vente et la remise au leasing de votre v\u00e9hicule.\u00a0<\/li><li>Protection capote cabriolet<\/li><li>Toutes les prestations possible \u00e0 domicile.<\/li><\/ul>\t\t\t\t\t\t\t\t<\/div>\n\t\t\t\t<\/div>\n\t\t\t\t\t<\/div>\n\t\t<\/div>\n\t\t\t\t\t<\/div>\n\t\t<\/section>\n\t\t\t\t<\/div>\n\t\t","protected":false},"excerpt":{"rendered":"<p>A propos de Wheeler Cleaner Qui sommes nous ? Wheeler Cleaner est une entreprise situ\u00e9e dans la r\u00e9gion de Charleroi sp\u00e9cialis\u00e9e dans l&rsquo;entretien automobile.\u00a0 Julien, le g\u00e9rant, a eu la passion de l&rsquo;automobile en r\u00e9alisant son r\u00eave, acqu\u00e9rir une mustang de 1968. De l\u00e0 est partie l&rsquo;envie d&rsquo;apprendre plus, c&rsquo;est pourquoi il a suivis 3 &hellip;<\/p>\n<p class=\"read-more\"> <a class=\"\" href=\"https:\/\/www.wheelercleaner.be\/index.php\/a-propos\/\"> <span class=\"screen-reader-text\">A propos<\/span> Read More &raquo;<\/a><\/p>\n","protected":false},"author":1,"featured_media":0,"parent":0,"menu_order":0,"comment_status":"closed","ping_status":"closed","template":"","meta":{"_seopress_robots_primary_cat":"","_seopress_titles_title":"","_seopress_titles_desc":"","_seopress_robots_index":"","site-sidebar-layout":"no-sidebar","site-content-layout":"page-builder","ast-site-content-layout":"default","site-content-style":"default","site-sidebar-style":"default","ast-global-header-display":"","ast-banner-title-visibility":"","ast-main-header-display":"","ast-hfb-above-header-display":"","ast-hfb-below-header-display":"","ast-hfb-mobile-header-display":"","site-post-title":"disabled","ast-breadcrumbs-content":"","ast-featured-img":"disabled","footer-sml-layout":"","theme-transparent-header-meta":"","adv-header-id-meta":"","stick-header-meta":"","header-above-stick-meta":"","header-main-stick-meta":"","header-below-stick-meta":"","astra-migrate-meta-layouts":"set","ngg_post_thumbnail":0,"footnotes":""},"class_list":["post-1061","page","type-page","status-publish","hentry"],"jetpack_sharing_enabled":true,"_links":{"self":[{"href":"https:\/\/www.wheelercleaner.be\/index.php\/wp-json\/wp\/v2\/pages\/1061","targetHints":{"allow":["GET"]}}],"collection":[{"href":"https:\/\/www.wheelercleaner.be\/index.php\/wp-json\/wp\/v2\/pages"}],"about":[{"href":"https:\/\/www.wheelercleaner.be\/index.php\/wp-json\/wp\/v2\/types\/page"}],"author":[{"embeddable":true,"href":"https:\/\/www.wheelercleaner.be\/index.php\/wp-json\/wp\/v2\/users\/1"}],"replies":[{"embeddable":true,"href":"https:\/\/www.wheelercleaner.be\/index.php\/wp-json\/wp\/v2\/comments?post=1061"}],"version-history":[{"count":13,"href":"https:\/\/www.wheelercleaner.be\/index.php\/wp-json\/wp\/v2\/pages\/1061\/revisions"}],"predecessor-version":[{"id":1126,"href":"https:\/\/www.wheelercleaner.be\/index.php\/wp-json\/wp\/v2\/pages\/1061\/revisions\/1126"}],"wp:attachment":[{"href":"https:\/\/www.wheelercleaner.be\/index.php\/wp-json\/wp\/v2\/media?parent=1061"}],"curies":[{"name":"wp","href":"https:\/\/api.w.org\/{rel}","templated":true}]}}