{"id":1162,"date":"2023-09-05T09:56:43","date_gmt":"2023-09-05T07:56:43","guid":{"rendered":"https:\/\/www.wheelercleaner.be\/?page_id=1162"},"modified":"2023-09-05T12:05:45","modified_gmt":"2023-09-05T10:05:45","slug":"conditions-generales-ventes-pour-contrat-annuel","status":"publish","type":"page","link":"https:\/\/www.wheelercleaner.be\/index.php\/conditions-generales-ventes-pour-contrat-annuel\/","title":{"rendered":"conditions g\u00e9n\u00e9rales ventes pour contrat annuel"},"content":{"rendered":"\t\t<div data-elementor-type=\"wp-page\" data-elementor-id=\"1162\" class=\"elementor elementor-1162\">\n\t\t\t\t\t\t<section class=\"elementor-section elementor-top-section elementor-element elementor-element-a149259 elementor-section-boxed elementor-section-height-default elementor-section-height-default\" data-id=\"a149259\" data-element_type=\"section\" data-e-type=\"section\">\n\t\t\t\t\t\t<div class=\"elementor-container elementor-column-gap-default\">\n\t\t\t\t\t<div class=\"elementor-column elementor-col-100 elementor-top-column elementor-element elementor-element-5be71e0\" data-id=\"5be71e0\" data-element_type=\"column\" data-e-type=\"column\">\n\t\t\t<div class=\"elementor-widget-wrap elementor-element-populated\">\n\t\t\t\t\t\t<div class=\"elementor-element elementor-element-8efa25f elementor-widget elementor-widget-heading\" data-id=\"8efa25f\" data-element_type=\"widget\" data-e-type=\"widget\" data-widget_type=\"heading.default\">\n\t\t\t\t<div class=\"elementor-widget-container\">\n\t\t\t\t\t<h2 class=\"elementor-heading-title elementor-size-default\">Conditions g\u00e9n\u00e9rales de ventes pour les contrats annuel d'entretien.<\/h2>\t\t\t\t<\/div>\n\t\t\t\t<\/div>\n\t\t\t\t\t<\/div>\n\t\t<\/div>\n\t\t\t\t\t<\/div>\n\t\t<\/section>\n\t\t\t\t<section class=\"elementor-section elementor-top-section elementor-element elementor-element-039caf4 elementor-section-boxed elementor-section-height-default elementor-section-height-default\" data-id=\"039caf4\" data-element_type=\"section\" data-e-type=\"section\">\n\t\t\t\t\t\t<div class=\"elementor-container elementor-column-gap-default\">\n\t\t\t\t\t<div class=\"elementor-column elementor-col-100 elementor-top-column elementor-element elementor-element-8119e4f\" data-id=\"8119e4f\" data-element_type=\"column\" data-e-type=\"column\">\n\t\t\t<div class=\"elementor-widget-wrap elementor-element-populated\">\n\t\t\t\t\t\t<div class=\"elementor-element elementor-element-585bb2c elementor-widget elementor-widget-heading\" data-id=\"585bb2c\" data-element_type=\"widget\" data-e-type=\"widget\" data-widget_type=\"heading.default\">\n\t\t\t\t<div class=\"elementor-widget-container\">\n\t\t\t\t\t<h2 class=\"elementor-heading-title elementor-size-medium\">art1. D\u00e9finition des termes clients, entreprises et v\u00e9hicule<\/h2>\t\t\t\t<\/div>\n\t\t\t\t<\/div>\n\t\t\t\t\t<\/div>\n\t\t<\/div>\n\t\t\t\t\t<\/div>\n\t\t<\/section>\n\t\t\t\t<section class=\"elementor-section elementor-top-section elementor-element elementor-element-07db4f7 elementor-section-boxed elementor-section-height-default elementor-section-height-default\" data-id=\"07db4f7\" data-element_type=\"section\" data-e-type=\"section\">\n\t\t\t\t\t\t<div class=\"elementor-container elementor-column-gap-default\">\n\t\t\t\t\t<div class=\"elementor-column elementor-col-100 elementor-top-column elementor-element elementor-element-e4bb677\" data-id=\"e4bb677\" data-element_type=\"column\" data-e-type=\"column\">\n\t\t\t<div class=\"elementor-widget-wrap elementor-element-populated\">\n\t\t\t\t\t\t<div class=\"elementor-element elementor-element-ce4db6d elementor-widget elementor-widget-text-editor\" data-id=\"ce4db6d\" data-element_type=\"widget\" data-e-type=\"widget\" data-widget_type=\"text-editor.default\">\n\t\t\t\t<div class=\"elementor-widget-container\">\n\t\t\t\t\t\t\t\t\t<p><span style=\"font-weight: 400;\">&#8211; L\u2019entreprise est la soci\u00e9t\u00e9 Night 57 SRL, dont le si\u00e8ge social se trouve \u00e0 la rue du Masy n\u00b022 \u00e0 6040 Jumet et est repr\u00e9sent\u00e9e par Gr\u00e9goire Julien\u00a0<\/span><\/p><p><span style=\"font-weight: 400;\">&#8211; Le client est le contractant dont le nom et l\u2019adresse sont repris sur le contrat<\/span><\/p><p><span style=\"font-weight: 400;\">&#8211; Le v\u00e9hicule est la voiture du client reprise dans le contrat.<\/span><\/p>\t\t\t\t\t\t\t\t<\/div>\n\t\t\t\t<\/div>\n\t\t\t\t\t<\/div>\n\t\t<\/div>\n\t\t\t\t\t<\/div>\n\t\t<\/section>\n\t\t\t\t<section class=\"elementor-section elementor-top-section elementor-element elementor-element-5567d08 elementor-section-boxed elementor-section-height-default elementor-section-height-default\" data-id=\"5567d08\" data-element_type=\"section\" data-e-type=\"section\">\n\t\t\t\t\t\t<div class=\"elementor-container elementor-column-gap-default\">\n\t\t\t\t\t<div class=\"elementor-column elementor-col-100 elementor-top-column elementor-element elementor-element-8d41e82\" data-id=\"8d41e82\" data-element_type=\"column\" data-e-type=\"column\">\n\t\t\t<div class=\"elementor-widget-wrap elementor-element-populated\">\n\t\t\t\t\t\t<div class=\"elementor-element elementor-element-4b34d24 elementor-widget elementor-widget-heading\" data-id=\"4b34d24\" data-element_type=\"widget\" data-e-type=\"widget\" data-widget_type=\"heading.default\">\n\t\t\t\t<div class=\"elementor-widget-container\">\n\t\t\t\t\t<h2 class=\"elementor-heading-title elementor-size-medium\">art2. Validation des conditions g\u00e9n\u00e9rales des contrats annuels d'entretien<\/h2>\t\t\t\t<\/div>\n\t\t\t\t<\/div>\n\t\t\t\t\t<\/div>\n\t\t<\/div>\n\t\t\t\t\t<\/div>\n\t\t<\/section>\n\t\t\t\t<section class=\"elementor-section elementor-top-section elementor-element elementor-element-25339c1 elementor-section-boxed elementor-section-height-default elementor-section-height-default\" data-id=\"25339c1\" data-element_type=\"section\" data-e-type=\"section\">\n\t\t\t\t\t\t<div class=\"elementor-container elementor-column-gap-default\">\n\t\t\t\t\t<div class=\"elementor-column elementor-col-100 elementor-top-column elementor-element elementor-element-ee50805\" data-id=\"ee50805\" data-element_type=\"column\" data-e-type=\"column\">\n\t\t\t<div class=\"elementor-widget-wrap elementor-element-populated\">\n\t\t\t\t\t\t<div class=\"elementor-element elementor-element-8eb33d2 elementor-widget elementor-widget-text-editor\" data-id=\"8eb33d2\" data-element_type=\"widget\" data-e-type=\"widget\" data-widget_type=\"text-editor.default\">\n\t\t\t\t<div class=\"elementor-widget-container\">\n\t\t\t\t\t\t\t\t\t<p><span style=\"font-weight: 400;\">Les conditions g\u00e9n\u00e9rales restent valables tout au long du contrat. Elles peuvent \u00eatre chang\u00e9es par l\u2019entreprise \u00e0 tout moment en envoyant une lettre ou par email au client. Celui-ci peut mettre fin \u00e0 son contrat sans indemnit\u00e9s end\u00e9ans les 30 jours calendrier apr\u00e8s r\u00e9ception du courrier reprenant les modifications apport\u00e9es aux conditions g\u00e9n\u00e9rales.<\/span><\/p><p><span style=\"font-weight: 400;\">Les conditions g\u00e9n\u00e9rales de ventes suivantes sont \u00e9galement d&rsquo;application :\u00a0<\/span><span style=\"background-color: var(--ast-global-color-4);\">https:\/\/www.wheelercleaner.be\/index.php\/conditions-generales-de-ventes\/\u00a0<\/span><\/p>\t\t\t\t\t\t\t\t<\/div>\n\t\t\t\t<\/div>\n\t\t\t\t\t<\/div>\n\t\t<\/div>\n\t\t\t\t\t<\/div>\n\t\t<\/section>\n\t\t\t\t<section class=\"elementor-section elementor-top-section elementor-element elementor-element-c9b4b1c elementor-section-boxed elementor-section-height-default elementor-section-height-default\" data-id=\"c9b4b1c\" data-element_type=\"section\" data-e-type=\"section\">\n\t\t\t\t\t\t<div class=\"elementor-container elementor-column-gap-default\">\n\t\t\t\t\t<div class=\"elementor-column elementor-col-100 elementor-top-column elementor-element elementor-element-63e6164\" data-id=\"63e6164\" data-element_type=\"column\" data-e-type=\"column\">\n\t\t\t<div class=\"elementor-widget-wrap elementor-element-populated\">\n\t\t\t\t\t\t<div class=\"elementor-element elementor-element-975c5a3 elementor-widget elementor-widget-heading\" data-id=\"975c5a3\" data-element_type=\"widget\" data-e-type=\"widget\" data-widget_type=\"heading.default\">\n\t\t\t\t<div class=\"elementor-widget-container\">\n\t\t\t\t\t<h2 class=\"elementor-heading-title elementor-size-medium\">art3. Dur\u00e9e du contrat<\/h2>\t\t\t\t<\/div>\n\t\t\t\t<\/div>\n\t\t\t\t\t<\/div>\n\t\t<\/div>\n\t\t\t\t\t<\/div>\n\t\t<\/section>\n\t\t\t\t<section class=\"elementor-section elementor-top-section elementor-element elementor-element-884e318 elementor-section-boxed elementor-section-height-default elementor-section-height-default\" data-id=\"884e318\" data-element_type=\"section\" data-e-type=\"section\">\n\t\t\t\t\t\t<div class=\"elementor-container elementor-column-gap-default\">\n\t\t\t\t\t<div class=\"elementor-column elementor-col-100 elementor-top-column elementor-element elementor-element-e824c9e\" data-id=\"e824c9e\" data-element_type=\"column\" data-e-type=\"column\">\n\t\t\t<div class=\"elementor-widget-wrap elementor-element-populated\">\n\t\t\t\t\t\t<div class=\"elementor-element elementor-element-0939a8b elementor-widget elementor-widget-text-editor\" data-id=\"0939a8b\" data-element_type=\"widget\" data-e-type=\"widget\" data-widget_type=\"text-editor.default\">\n\t\t\t\t<div class=\"elementor-widget-container\">\n\t\t\t\t\t\t\t\t\t<p><span style=\"font-weight: 400;\">Le pr\u00e9sent contrat est valable durant les 12 mois apr\u00e8s la date de sa signature par le client.\u00a0<\/span><\/p><p><span style=\"font-weight: 400;\">Si il reste encore des services disponibles \u00e0 la fin du contrat, ces derniers pourront \u00eatre reconduits \u00e0 l\u2019ann\u00e9e suivante si un nouveau contrat d\u2019un an est sign\u00e9 par le client. Si le client ne d\u00e9sire pas renouveler, il perdra les services restants dans le contrat termin\u00e9 sauf si Wheeler cleaner en est responsable (annulation de rendez-vous par l&rsquo;entreprise ou aucune disponibilit\u00e9 de la part de l&rsquo;entreprise sur la dur\u00e9e d&rsquo;un mois entier).<\/span><\/p><p><span style=\"font-weight: 400;\">Le contrat se renouvelle automatiquement si le client ne signale pas son envie d\u2019y mettre fin par email \u00e0 l&rsquo;adresse : julien@wheelercleaner.be\u00a0<\/span><\/p><p><span style=\"font-weight: 400;\">L&rsquo;entreprise se r\u00e9serve le droit d&rsquo;index\u00e9 le prix du contrat apr\u00e8s chaque anniversaire de ce dernier en fonction de l&rsquo;indexation des salaires et des marchandises.\u00a0<\/span><\/p>\t\t\t\t\t\t\t\t<\/div>\n\t\t\t\t<\/div>\n\t\t\t\t\t<\/div>\n\t\t<\/div>\n\t\t\t\t\t<\/div>\n\t\t<\/section>\n\t\t\t\t<section class=\"elementor-section elementor-top-section elementor-element elementor-element-3ea1531 elementor-section-boxed elementor-section-height-default elementor-section-height-default\" data-id=\"3ea1531\" data-element_type=\"section\" data-e-type=\"section\">\n\t\t\t\t\t\t<div class=\"elementor-container elementor-column-gap-default\">\n\t\t\t\t\t<div class=\"elementor-column elementor-col-100 elementor-top-column elementor-element elementor-element-c555fbe\" data-id=\"c555fbe\" data-element_type=\"column\" data-e-type=\"column\">\n\t\t\t<div class=\"elementor-widget-wrap elementor-element-populated\">\n\t\t\t\t\t\t<div class=\"elementor-element elementor-element-f1929dc elementor-widget elementor-widget-heading\" data-id=\"f1929dc\" data-element_type=\"widget\" data-e-type=\"widget\" data-widget_type=\"heading.default\">\n\t\t\t\t<div class=\"elementor-widget-container\">\n\t\t\t\t\t<h2 class=\"elementor-heading-title elementor-size-medium\">Art4. Le v\u00e9hicule<\/h2>\t\t\t\t<\/div>\n\t\t\t\t<\/div>\n\t\t\t\t\t<\/div>\n\t\t<\/div>\n\t\t\t\t\t<\/div>\n\t\t<\/section>\n\t\t\t\t<section class=\"elementor-section elementor-top-section elementor-element elementor-element-b5128a5 elementor-section-boxed elementor-section-height-default elementor-section-height-default\" data-id=\"b5128a5\" data-element_type=\"section\" data-e-type=\"section\">\n\t\t\t\t\t\t<div class=\"elementor-container elementor-column-gap-default\">\n\t\t\t\t\t<div class=\"elementor-column elementor-col-100 elementor-top-column elementor-element elementor-element-92729b5\" data-id=\"92729b5\" data-element_type=\"column\" data-e-type=\"column\">\n\t\t\t<div class=\"elementor-widget-wrap elementor-element-populated\">\n\t\t\t\t\t\t<div class=\"elementor-element elementor-element-561e64e elementor-widget elementor-widget-text-editor\" data-id=\"561e64e\" data-element_type=\"widget\" data-e-type=\"widget\" data-widget_type=\"text-editor.default\">\n\t\t\t\t<div class=\"elementor-widget-container\">\n\t\t\t\t\t\t\t\t\t<p><span style=\"font-weight: 400;\">Le contrat est valable que pour le v\u00e9hicule reprit dans le contrat. Si le client venait \u00e0 changer de v\u00e9hicule en cours de contrat, l\u2019entreprise se r\u00e9serve le droit de le r\u00e9\u00e9valuer en fonction de la taille du v\u00e9hicule et de sa carrosserie. Si le client n\u2019est pas satisfait de cette r\u00e9\u00e9valuation, il pourra mettre fin au contrat en acceptant les frais de r\u00e9siliation comprenant la valeur 3 mensualit\u00e9es.\u00a0<\/span><\/p>\t\t\t\t\t\t\t\t<\/div>\n\t\t\t\t<\/div>\n\t\t\t\t\t<\/div>\n\t\t<\/div>\n\t\t\t\t\t<\/div>\n\t\t<\/section>\n\t\t\t\t<section class=\"elementor-section elementor-top-section elementor-element elementor-element-82b12c2 elementor-section-boxed elementor-section-height-default elementor-section-height-default\" data-id=\"82b12c2\" data-element_type=\"section\" data-e-type=\"section\">\n\t\t\t\t\t\t<div class=\"elementor-container elementor-column-gap-default\">\n\t\t\t\t\t<div class=\"elementor-column elementor-col-100 elementor-top-column elementor-element elementor-element-45d8052\" data-id=\"45d8052\" data-element_type=\"column\" data-e-type=\"column\">\n\t\t\t<div class=\"elementor-widget-wrap elementor-element-populated\">\n\t\t\t\t\t\t<div class=\"elementor-element elementor-element-07e71a2 elementor-widget elementor-widget-heading\" data-id=\"07e71a2\" data-element_type=\"widget\" data-e-type=\"widget\" data-widget_type=\"heading.default\">\n\t\t\t\t<div class=\"elementor-widget-container\">\n\t\t\t\t\t<h2 class=\"elementor-heading-title elementor-size-medium\">Art5. R\u00e9siliation du contrat<\/h2>\t\t\t\t<\/div>\n\t\t\t\t<\/div>\n\t\t\t\t\t<\/div>\n\t\t<\/div>\n\t\t\t\t\t<\/div>\n\t\t<\/section>\n\t\t\t\t<section class=\"elementor-section elementor-top-section elementor-element elementor-element-ab0a8c9 elementor-section-boxed elementor-section-height-default elementor-section-height-default\" data-id=\"ab0a8c9\" data-element_type=\"section\" data-e-type=\"section\">\n\t\t\t\t\t\t<div class=\"elementor-container elementor-column-gap-default\">\n\t\t\t\t\t<div class=\"elementor-column elementor-col-100 elementor-top-column elementor-element elementor-element-d19d7af\" data-id=\"d19d7af\" data-element_type=\"column\" data-e-type=\"column\">\n\t\t\t<div class=\"elementor-widget-wrap elementor-element-populated\">\n\t\t\t\t\t\t<div class=\"elementor-element elementor-element-50fe781 elementor-widget elementor-widget-text-editor\" data-id=\"50fe781\" data-element_type=\"widget\" data-e-type=\"widget\" data-widget_type=\"text-editor.default\">\n\t\t\t\t<div class=\"elementor-widget-container\">\n\t\t\t\t\t\t\t\t\t<p><span style=\"font-weight: 400;\">L\u2019entreprise se r\u00e9serve le droit de r\u00e9silier le contrat \u00e0 tout moment, sans pr\u00e9avis ni indemnit\u00e9s, par email ou lettre simple envoy\u00e9e au client sans justification n\u00e9cessaire.\u00a0<\/span><\/p><p><span style=\"font-weight: 400;\">Le client peut r\u00e9silier le contrat avant les 12 premiers mois, il devra toutefois payer 3 mensualit\u00e9s en d\u00e9dommagement. Une fois que le contrat est renouvel\u00e9 automatiquement, le client pourra r\u00e9silier \u00e0 tout moment le contrat sans p\u00e9nalit\u00e9 mais un pr\u00e9avis de 2 mois devra \u00eatre honor\u00e9 par le client.<\/span><\/p><p><span style=\"font-weight: 400;\">La demande de r\u00e9siliation sera \u00e0 envoyer par courrier, en lettre recommand\u00e9e ou par email \u00e0 l\u2019adresse <\/span><a href=\"mailto:julien@wheelercleaner.be\"><b>julien@wheelercleaner.be<\/b><\/a><span style=\"font-weight: 400;\">. Le client devra attendre un email de retour de la part de l\u2019entreprise qui confirme la bonne r\u00e9ception. La date du d\u00e9but de pr\u00e9avis commence \u00e0 partir de la date de l\u2019email de l\u2019accus\u00e9 de r\u00e9ception par l\u2019entreprise.<\/span><\/p>\t\t\t\t\t\t\t\t<\/div>\n\t\t\t\t<\/div>\n\t\t\t\t\t<\/div>\n\t\t<\/div>\n\t\t\t\t\t<\/div>\n\t\t<\/section>\n\t\t\t\t<section class=\"elementor-section elementor-top-section elementor-element elementor-element-563e1c5 elementor-section-boxed elementor-section-height-default elementor-section-height-default\" data-id=\"563e1c5\" data-element_type=\"section\" data-e-type=\"section\">\n\t\t\t\t\t\t<div class=\"elementor-container elementor-column-gap-default\">\n\t\t\t\t\t<div class=\"elementor-column elementor-col-100 elementor-top-column elementor-element elementor-element-34b3f66\" data-id=\"34b3f66\" data-element_type=\"column\" data-e-type=\"column\">\n\t\t\t<div class=\"elementor-widget-wrap elementor-element-populated\">\n\t\t\t\t\t\t<div class=\"elementor-element elementor-element-0eed653 elementor-widget elementor-widget-heading\" data-id=\"0eed653\" data-element_type=\"widget\" data-e-type=\"widget\" data-widget_type=\"heading.default\">\n\t\t\t\t<div class=\"elementor-widget-container\">\n\t\t\t\t\t<h2 class=\"elementor-heading-title elementor-size-medium\">Art6. Paiement<\/h2>\t\t\t\t<\/div>\n\t\t\t\t<\/div>\n\t\t\t\t\t<\/div>\n\t\t<\/div>\n\t\t\t\t\t<\/div>\n\t\t<\/section>\n\t\t\t\t<section class=\"elementor-section elementor-top-section elementor-element elementor-element-8c911ee elementor-section-boxed elementor-section-height-default elementor-section-height-default\" data-id=\"8c911ee\" data-element_type=\"section\" data-e-type=\"section\">\n\t\t\t\t\t\t<div class=\"elementor-container elementor-column-gap-default\">\n\t\t\t\t\t<div class=\"elementor-column elementor-col-100 elementor-top-column elementor-element elementor-element-d8bd42b\" data-id=\"d8bd42b\" data-element_type=\"column\" data-e-type=\"column\">\n\t\t\t<div class=\"elementor-widget-wrap elementor-element-populated\">\n\t\t\t\t\t\t<div class=\"elementor-element elementor-element-9c7b835 elementor-widget elementor-widget-text-editor\" data-id=\"9c7b835\" data-element_type=\"widget\" data-e-type=\"widget\" data-widget_type=\"text-editor.default\">\n\t\t\t\t<div class=\"elementor-widget-container\">\n\t\t\t\t\t\t\t\t\t<p><span style=\"font-weight: 400;\">Une facture mensuelle, sauf cas contraire repris sur le contrat, sera envoy\u00e9e au client par email. Cette derni\u00e8re devra \u00eatre pay\u00e9e dans les 10 jours ouvrables \u00e0 compter de la date de la facture sur le compte bancaire belfius BE82 0688 9741 9068<\/span><\/p><p><span style=\"font-weight: 400;\">En cas de non paiement, l\u2019entreprise se r\u00e9serve le droit de suspendre les engagements envers le client. Si la situation ne se r\u00e9gule pas, les mensualit\u00e9s suivantes seront toujours dues.\u00a0<\/span><\/p><p><span style=\"font-weight: 400;\">En cas de conflit, le tribunal de la province de l\u2019entreprise reste le seul \u00e0 \u00eatre comp\u00e9tent. <\/span><\/p>\t\t\t\t\t\t\t\t<\/div>\n\t\t\t\t<\/div>\n\t\t\t\t\t<\/div>\n\t\t<\/div>\n\t\t\t\t\t<\/div>\n\t\t<\/section>\n\t\t\t\t<\/div>\n\t\t","protected":false},"excerpt":{"rendered":"<p>Conditions g\u00e9n\u00e9rales de ventes pour les contrats annuel d&rsquo;entretien. art1. D\u00e9finition des termes clients, entreprises et v\u00e9hicule &#8211; L\u2019entreprise est la soci\u00e9t\u00e9 Night 57 SRL, dont le si\u00e8ge social se trouve \u00e0 la rue du Masy n\u00b022 \u00e0 6040 Jumet et est repr\u00e9sent\u00e9e par Gr\u00e9goire Julien\u00a0 &#8211; Le client est le contractant dont le nom &hellip;<\/p>\n<p class=\"read-more\"> <a class=\"\" href=\"https:\/\/www.wheelercleaner.be\/index.php\/conditions-generales-ventes-pour-contrat-annuel\/\"> <span class=\"screen-reader-text\">conditions g\u00e9n\u00e9rales ventes pour contrat annuel<\/span> Read More &raquo;<\/a><\/p>\n","protected":false},"author":1,"featured_media":0,"parent":0,"menu_order":0,"comment_status":"closed","ping_status":"closed","template":"","meta":{"_seopress_robots_primary_cat":"","_seopress_titles_title":"","_seopress_titles_desc":"","_seopress_robots_index":"","site-sidebar-layout":"no-sidebar","site-content-layout":"page-builder","ast-site-content-layout":"full-width-container","site-content-style":"default","site-sidebar-style":"default","ast-global-header-display":"","ast-banner-title-visibility":"","ast-main-header-display":"","ast-hfb-above-header-display":"","ast-hfb-below-header-display":"","ast-hfb-mobile-header-display":"","site-post-title":"disabled","ast-breadcrumbs-content":"","ast-featured-img":"disabled","footer-sml-layout":"","theme-transparent-header-meta":"","adv-header-id-meta":"","stick-header-meta":"","header-above-stick-meta":"","header-main-stick-meta":"","header-below-stick-meta":"","astra-migrate-meta-layouts":"","ngg_post_thumbnail":0,"footnotes":""},"class_list":["post-1162","page","type-page","status-publish","hentry"],"jetpack_sharing_enabled":true,"_links":{"self":[{"href":"https:\/\/www.wheelercleaner.be\/index.php\/wp-json\/wp\/v2\/pages\/1162","targetHints":{"allow":["GET"]}}],"collection":[{"href":"https:\/\/www.wheelercleaner.be\/index.php\/wp-json\/wp\/v2\/pages"}],"about":[{"href":"https:\/\/www.wheelercleaner.be\/index.php\/wp-json\/wp\/v2\/types\/page"}],"author":[{"embeddable":true,"href":"https:\/\/www.wheelercleaner.be\/index.php\/wp-json\/wp\/v2\/users\/1"}],"replies":[{"embeddable":true,"href":"https:\/\/www.wheelercleaner.be\/index.php\/wp-json\/wp\/v2\/comments?post=1162"}],"version-history":[{"count":12,"href":"https:\/\/www.wheelercleaner.be\/index.php\/wp-json\/wp\/v2\/pages\/1162\/revisions"}],"predecessor-version":[{"id":1194,"href":"https:\/\/www.wheelercleaner.be\/index.php\/wp-json\/wp\/v2\/pages\/1162\/revisions\/1194"}],"wp:attachment":[{"href":"https:\/\/www.wheelercleaner.be\/index.php\/wp-json\/wp\/v2\/media?parent=1162"}],"curies":[{"name":"wp","href":"https:\/\/api.w.org\/{rel}","templated":true}]}}