{"id":1373,"date":"2023-10-10T09:55:46","date_gmt":"2023-10-10T07:55:46","guid":{"rendered":"https:\/\/www.wheelercleaner.be\/?page_id=1373"},"modified":"2023-10-10T12:00:24","modified_gmt":"2023-10-10T10:00:24","slug":"pourquoi-utiliser-nos-services","status":"publish","type":"page","link":"https:\/\/www.wheelercleaner.be\/index.php\/pourquoi-utiliser-nos-services\/","title":{"rendered":"Pourquoi utiliser nos services ?"},"content":{"rendered":"\t\t<div data-elementor-type=\"wp-page\" data-elementor-id=\"1373\" class=\"elementor elementor-1373\">\n\t\t\t\t\t\t<section class=\"elementor-section elementor-top-section elementor-element elementor-element-f743162 elementor-section-boxed elementor-section-height-default elementor-section-height-default\" data-id=\"f743162\" data-element_type=\"section\" data-e-type=\"section\">\n\t\t\t\t\t\t<div class=\"elementor-container elementor-column-gap-default\">\n\t\t\t\t\t<div class=\"elementor-column elementor-col-100 elementor-top-column elementor-element elementor-element-7c6074e\" data-id=\"7c6074e\" data-element_type=\"column\" data-e-type=\"column\">\n\t\t\t<div class=\"elementor-widget-wrap elementor-element-populated\">\n\t\t\t\t\t\t<div class=\"elementor-element elementor-element-2c18b39 elementor-widget elementor-widget-heading\" data-id=\"2c18b39\" data-element_type=\"widget\" data-e-type=\"widget\" data-widget_type=\"heading.default\">\n\t\t\t\t<div class=\"elementor-widget-container\">\n\t\t\t\t\t<h2 class=\"elementor-heading-title elementor-size-default\">Pourquoi faire appel \u00e0 nos services ? <\/h2>\t\t\t\t<\/div>\n\t\t\t\t<\/div>\n\t\t\t\t\t<\/div>\n\t\t<\/div>\n\t\t\t\t\t<\/div>\n\t\t<\/section>\n\t\t\t\t<section class=\"elementor-section elementor-top-section elementor-element elementor-element-517d4f0 elementor-section-boxed elementor-section-height-default elementor-section-height-default\" data-id=\"517d4f0\" data-element_type=\"section\" data-e-type=\"section\">\n\t\t\t\t\t\t<div class=\"elementor-container elementor-column-gap-default\">\n\t\t\t\t\t<div class=\"elementor-column elementor-col-100 elementor-top-column elementor-element elementor-element-f3ca691\" data-id=\"f3ca691\" data-element_type=\"column\" data-e-type=\"column\">\n\t\t\t<div class=\"elementor-widget-wrap elementor-element-populated\">\n\t\t\t\t\t\t<div class=\"elementor-element elementor-element-3f756cd elementor-widget elementor-widget-heading\" data-id=\"3f756cd\" data-element_type=\"widget\" data-e-type=\"widget\" data-widget_type=\"heading.default\">\n\t\t\t\t<div class=\"elementor-widget-container\">\n\t\t\t\t\t<h4 class=\"elementor-heading-title elementor-size-default\">1. Pr\u00e9server sa voiture dans le temps<\/h4>\t\t\t\t<\/div>\n\t\t\t\t<\/div>\n\t\t\t\t\t<\/div>\n\t\t<\/div>\n\t\t\t\t\t<\/div>\n\t\t<\/section>\n\t\t\t\t<section class=\"elementor-section elementor-top-section elementor-element elementor-element-7cb4929 elementor-section-boxed elementor-section-height-default elementor-section-height-default\" data-id=\"7cb4929\" data-element_type=\"section\" data-e-type=\"section\">\n\t\t\t\t\t\t<div class=\"elementor-container elementor-column-gap-default\">\n\t\t\t\t\t<div class=\"elementor-column elementor-col-33 elementor-top-column elementor-element elementor-element-28e1b1e\" data-id=\"28e1b1e\" data-element_type=\"column\" data-e-type=\"column\">\n\t\t\t<div class=\"elementor-widget-wrap elementor-element-populated\">\n\t\t\t\t\t\t<div class=\"elementor-element elementor-element-5953efb elementor-widget elementor-widget-image\" data-id=\"5953efb\" data-element_type=\"widget\" data-e-type=\"widget\" data-widget_type=\"image.default\">\n\t\t\t\t<div class=\"elementor-widget-container\">\n\t\t\t\t\t\t\t\t\t\t\t\t\t\t\t<img fetchpriority=\"high\" decoding=\"async\" width=\"587\" height=\"400\" src=\"https:\/\/i0.wp.com\/www.wheelercleaner.be\/wp-content\/uploads\/2023\/10\/de47b2_b6db20260a3b4a5daac7facc71ef0f82mv2-e1696927809714.webp?fit=587%2C400&amp;ssl=1\" class=\"attachment-large size-large wp-image-1380\" alt=\"\" srcset=\"https:\/\/i0.wp.com\/www.wheelercleaner.be\/wp-content\/uploads\/2023\/10\/de47b2_b6db20260a3b4a5daac7facc71ef0f82mv2-e1696927809714.webp?w=587&amp;ssl=1 587w, https:\/\/i0.wp.com\/www.wheelercleaner.be\/wp-content\/uploads\/2023\/10\/de47b2_b6db20260a3b4a5daac7facc71ef0f82mv2-e1696927809714.webp?resize=300%2C204&amp;ssl=1 300w\" sizes=\"(max-width: 587px) 100vw, 587px\" \/>\t\t\t\t\t\t\t\t\t\t\t\t\t\t\t<\/div>\n\t\t\t\t<\/div>\n\t\t\t\t\t<\/div>\n\t\t<\/div>\n\t\t\t\t<div class=\"elementor-column elementor-col-66 elementor-top-column elementor-element elementor-element-fcd815d\" data-id=\"fcd815d\" data-element_type=\"column\" data-e-type=\"column\">\n\t\t\t<div class=\"elementor-widget-wrap elementor-element-populated\">\n\t\t\t\t\t\t<div class=\"elementor-element elementor-element-b010829 elementor-widget elementor-widget-text-editor\" data-id=\"b010829\" data-element_type=\"widget\" data-e-type=\"widget\" data-widget_type=\"text-editor.default\">\n\t\t\t\t<div class=\"elementor-widget-container\">\n\t\t\t\t\t\t\t\t\t<p>Les voitures coutent de plus en plus cher, et pour qu&rsquo;elles gardent un bel aspect au fil des kilom\u00e8tres et donc une belle valeur de revente, il est n\u00e9cessaire d&rsquo;en prendre soin.\u00a0<\/p><p>A l&rsquo;instar d&rsquo;une femme qui prend soin d&rsquo;elle en utilisant des produits de qualit\u00e9 afin que l&rsquo;\u00e2ge se marque le moins sur son visage, il est important d&rsquo;utiliser des produits de qualit\u00e9s qui ont \u00e9t\u00e9 test\u00e9s et approuv\u00e9s par les marques de luxe et sportive. En effet, sur une p\u00e9riode \u00e0 court terme, un shampoing pour voiture achet\u00e9 dans un commerce lambda semblera avoir la m\u00eame qualit\u00e9 de nettoyage qu&rsquo;un shampoing haut de gamme. Mais il n&rsquo;en n&rsquo;est rien ! Chaque produit utilis\u00e9 chez Wheeler Cleaner a sa fonction, tel que pr\u00e9lavage &#8211; d\u00e9contamination &#8211; lavage &#8211; protection, et ce, pour chaque type de mat\u00e9riaux. Pour vous faire une id\u00e9e, vous pouvez consulter le site de chez <a href=\"https:\/\/www.labocosmetica.com\/shop\/\">#Labocosmetica\u00a0<\/a>. Alors comme pour l&rsquo;exemple de la femme qui veut prendre soin d&rsquo;elle, ces produits ont un co\u00fbt mais le r\u00e9sultat sur le moyen\/long terme est ind\u00e9niable.\u00a0<\/p><p>\u00a0<\/p>\t\t\t\t\t\t\t\t<\/div>\n\t\t\t\t<\/div>\n\t\t\t\t\t<\/div>\n\t\t<\/div>\n\t\t\t\t\t<\/div>\n\t\t<\/section>\n\t\t\t\t<section class=\"elementor-section elementor-top-section elementor-element elementor-element-728d2d0 elementor-section-boxed elementor-section-height-default elementor-section-height-default\" data-id=\"728d2d0\" data-element_type=\"section\" data-e-type=\"section\">\n\t\t\t\t\t\t<div class=\"elementor-container elementor-column-gap-default\">\n\t\t\t\t\t<div class=\"elementor-column elementor-col-100 elementor-top-column elementor-element elementor-element-970a635\" data-id=\"970a635\" data-element_type=\"column\" data-e-type=\"column\">\n\t\t\t<div class=\"elementor-widget-wrap elementor-element-populated\">\n\t\t\t\t\t\t<div class=\"elementor-element elementor-element-be8e592 elementor-widget elementor-widget-heading\" data-id=\"be8e592\" data-element_type=\"widget\" data-e-type=\"widget\" data-widget_type=\"heading.default\">\n\t\t\t\t<div class=\"elementor-widget-container\">\n\t\t\t\t\t<h4 class=\"elementor-heading-title elementor-size-default\">2. Prot\u00e9ger la peinture des mauvais traitements<\/h4>\t\t\t\t<\/div>\n\t\t\t\t<\/div>\n\t\t\t\t\t<\/div>\n\t\t<\/div>\n\t\t\t\t\t<\/div>\n\t\t<\/section>\n\t\t\t\t<section class=\"elementor-section elementor-top-section elementor-element elementor-element-76130b8 elementor-section-boxed elementor-section-height-default elementor-section-height-default\" data-id=\"76130b8\" data-element_type=\"section\" data-e-type=\"section\">\n\t\t\t\t\t\t<div class=\"elementor-container elementor-column-gap-default\">\n\t\t\t\t\t<div class=\"elementor-column elementor-col-66 elementor-top-column elementor-element elementor-element-7e67da8\" data-id=\"7e67da8\" data-element_type=\"column\" data-e-type=\"column\">\n\t\t\t<div class=\"elementor-widget-wrap elementor-element-populated\">\n\t\t\t\t\t\t<div class=\"elementor-element elementor-element-80518a8 elementor-widget elementor-widget-text-editor\" data-id=\"80518a8\" data-element_type=\"widget\" data-e-type=\"widget\" data-widget_type=\"text-editor.default\">\n\t\t\t\t<div class=\"elementor-widget-container\">\n\t\t\t\t\t\t\t\t\t<p>Malheureusement, de nos jours, on regarde plus \u00e0 la rentabilit\u00e9 que \u00e0 la qualit\u00e9. Et cela se voit \u00e9galement dans le monde du nettoyage automobile avec les nombreux centre de car wash \u00e0 la main \u00ab\u00a0rapide\u00a0\u00bb. Dans ces derniers, votre v\u00e9hicule est nettoy\u00e9 et sech\u00e9 en 15min, \u00ab\u00a0Pratique ! \u00a0\u00bb me diriez vous mais malheureusement la qualit\u00e9 du travail est tr\u00e8s limit\u00e9 : Utilisation de produits agressifs, utilisation des accessoires souvent d\u00e9j\u00e0 utilis\u00e9s sur les pr\u00e9c\u00e9dents v\u00e9hicules, eau sale, carrosserie mal essuy\u00e9e avec des loques usag\u00e9es, jantes d\u00e9laiss\u00e9es &#8230; Pour un prix approximatif de 20\u20ac pour un v\u00e9hicule de taille moyenne sans les \u00ab\u00a0options\u00a0\u00bb. Nous ne parlerons pas des self car wash o\u00f9 les clients lavent eux-meme leur v\u00e9hicule avec des brosses \u00e0 poil toutes sales pour une dizaine d&rsquo;euros.\u00a0<\/p><p>Chez Wheeler Cleaner, c&rsquo;est tout le contraire. Le temps moyen de lavage ext\u00e9rieur pour un v\u00e9hicule est de taille moyenne est de 2h &#8211; 2h30. Vous pouvez consulter <a href=\"https:\/\/www.wheelercleaner.be\/index.php\/services\/\">nos services<\/a> o\u00f9 l&rsquo;on d\u00e9taille un peu plus notre fa\u00e7ons de travailler. Nous utilisons de nouvelles micro-fibres \u00e0 chaque utilisation, nous pr\u00e9lavons et d\u00e9contaminons avant le lavage, nous utilisons la technique des \u00ab\u00a0deux sceaux\u00a0\u00bb avec de l&rsquo;eau de pluie filtr\u00e9e, nous s\u00e8chons la carrosserie avec des grosses micro-fibres absorbantes et \u00e0 l&rsquo;aide d&rsquo;un souffleur \u00e0 air chaud puissant pour faire partir l&rsquo;eau qui stagne dans les petits recoins et joint de porte, nous terminons ensuite par les finitions tel que vitre, jantes, etc&#8230;\u00a0<\/p><p>Donc quand on fait un rapide calcul, vous payez votre car wash \u00ab\u00a0rapide\u00a0\u00bb \u00e0 la main de mauvaise qualit\u00e9 80h\/h et chez Wheeler Cleaner vous payez 30h\/h pour un service haut de gamme, cout des produits inclus.<\/p>\t\t\t\t\t\t\t\t<\/div>\n\t\t\t\t<\/div>\n\t\t\t\t\t<\/div>\n\t\t<\/div>\n\t\t\t\t<div class=\"elementor-column elementor-col-33 elementor-top-column elementor-element elementor-element-918be86\" data-id=\"918be86\" data-element_type=\"column\" data-e-type=\"column\">\n\t\t\t<div class=\"elementor-widget-wrap elementor-element-populated\">\n\t\t\t\t\t\t<div class=\"elementor-element elementor-element-1dfe845 elementor-widget elementor-widget-image\" data-id=\"1dfe845\" data-element_type=\"widget\" data-e-type=\"widget\" data-widget_type=\"image.default\">\n\t\t\t\t<div class=\"elementor-widget-container\">\n\t\t\t\t\t\t\t\t\t\t\t\t\t\t\t<img decoding=\"async\" width=\"614\" height=\"682\" src=\"https:\/\/i0.wp.com\/www.wheelercleaner.be\/wp-content\/uploads\/2023\/10\/blo_3.31_fb-2-1024x683-1-e1696931125445.jpg?fit=614%2C682&amp;ssl=1\" class=\"attachment-large size-large wp-image-1388\" alt=\"\" srcset=\"https:\/\/i0.wp.com\/www.wheelercleaner.be\/wp-content\/uploads\/2023\/10\/blo_3.31_fb-2-1024x683-1-e1696931125445.jpg?w=614&amp;ssl=1 614w, https:\/\/i0.wp.com\/www.wheelercleaner.be\/wp-content\/uploads\/2023\/10\/blo_3.31_fb-2-1024x683-1-e1696931125445.jpg?resize=270%2C300&amp;ssl=1 270w\" sizes=\"(max-width: 614px) 100vw, 614px\" \/>\t\t\t\t\t\t\t\t\t\t\t\t\t\t\t<\/div>\n\t\t\t\t<\/div>\n\t\t\t\t\t<\/div>\n\t\t<\/div>\n\t\t\t\t\t<\/div>\n\t\t<\/section>\n\t\t\t\t<section class=\"elementor-section elementor-top-section elementor-element elementor-element-3606a09 elementor-section-boxed elementor-section-height-default elementor-section-height-default\" data-id=\"3606a09\" data-element_type=\"section\" data-e-type=\"section\">\n\t\t\t\t\t\t<div class=\"elementor-container elementor-column-gap-default\">\n\t\t\t\t\t<div class=\"elementor-column elementor-col-100 elementor-top-column elementor-element elementor-element-61a4277\" data-id=\"61a4277\" data-element_type=\"column\" data-e-type=\"column\">\n\t\t\t<div class=\"elementor-widget-wrap elementor-element-populated\">\n\t\t\t\t\t\t<div class=\"elementor-element elementor-element-2fb0bd5 elementor-widget elementor-widget-heading\" data-id=\"2fb0bd5\" data-element_type=\"widget\" data-e-type=\"widget\" data-widget_type=\"heading.default\">\n\t\t\t\t<div class=\"elementor-widget-container\">\n\t\t\t\t\t<h4 class=\"elementor-heading-title elementor-size-default\">3. Profiter de plus de temps libre pour votre famille et vos loisirs<\/h4>\t\t\t\t<\/div>\n\t\t\t\t<\/div>\n\t\t\t\t\t<\/div>\n\t\t<\/div>\n\t\t\t\t\t<\/div>\n\t\t<\/section>\n\t\t\t\t<section class=\"elementor-section elementor-top-section elementor-element elementor-element-89c267f elementor-section-boxed elementor-section-height-default elementor-section-height-default\" data-id=\"89c267f\" data-element_type=\"section\" data-e-type=\"section\">\n\t\t\t\t\t\t<div class=\"elementor-container elementor-column-gap-default\">\n\t\t\t\t\t<div class=\"elementor-column elementor-col-33 elementor-top-column elementor-element elementor-element-ecc07dd\" data-id=\"ecc07dd\" data-element_type=\"column\" data-e-type=\"column\">\n\t\t\t<div class=\"elementor-widget-wrap elementor-element-populated\">\n\t\t\t\t\t\t<div class=\"elementor-element elementor-element-099c84b elementor-widget elementor-widget-image\" data-id=\"099c84b\" data-element_type=\"widget\" data-e-type=\"widget\" data-widget_type=\"image.default\">\n\t\t\t\t<div class=\"elementor-widget-container\">\n\t\t\t\t\t\t\t\t\t\t\t\t\t\t\t<img decoding=\"async\" width=\"1024\" height=\"683\" src=\"https:\/\/i0.wp.com\/www.wheelercleaner.be\/wp-content\/uploads\/2023\/10\/AdobeStock_497341183-scaled.jpeg?fit=1024%2C683&amp;ssl=1\" class=\"attachment-large size-large wp-image-1390\" alt=\"\" srcset=\"https:\/\/i0.wp.com\/www.wheelercleaner.be\/wp-content\/uploads\/2023\/10\/AdobeStock_497341183-scaled.jpeg?w=2560&amp;ssl=1 2560w, https:\/\/i0.wp.com\/www.wheelercleaner.be\/wp-content\/uploads\/2023\/10\/AdobeStock_497341183-scaled.jpeg?resize=300%2C200&amp;ssl=1 300w, https:\/\/i0.wp.com\/www.wheelercleaner.be\/wp-content\/uploads\/2023\/10\/AdobeStock_497341183-scaled.jpeg?resize=1024%2C683&amp;ssl=1 1024w, https:\/\/i0.wp.com\/www.wheelercleaner.be\/wp-content\/uploads\/2023\/10\/AdobeStock_497341183-scaled.jpeg?resize=768%2C512&amp;ssl=1 768w, https:\/\/i0.wp.com\/www.wheelercleaner.be\/wp-content\/uploads\/2023\/10\/AdobeStock_497341183-scaled.jpeg?resize=1536%2C1024&amp;ssl=1 1536w, https:\/\/i0.wp.com\/www.wheelercleaner.be\/wp-content\/uploads\/2023\/10\/AdobeStock_497341183-scaled.jpeg?resize=2048%2C1365&amp;ssl=1 2048w, https:\/\/i0.wp.com\/www.wheelercleaner.be\/wp-content\/uploads\/2023\/10\/AdobeStock_497341183-scaled.jpeg?w=2400&amp;ssl=1 2400w\" sizes=\"(max-width: 1024px) 100vw, 1024px\" \/>\t\t\t\t\t\t\t\t\t\t\t\t\t\t\t<\/div>\n\t\t\t\t<\/div>\n\t\t\t\t\t<\/div>\n\t\t<\/div>\n\t\t\t\t<div class=\"elementor-column elementor-col-66 elementor-top-column elementor-element elementor-element-c730d7b\" data-id=\"c730d7b\" data-element_type=\"column\" data-e-type=\"column\">\n\t\t\t<div class=\"elementor-widget-wrap elementor-element-populated\">\n\t\t\t\t\t\t<div class=\"elementor-element elementor-element-245ffbb elementor-widget elementor-widget-text-editor\" data-id=\"245ffbb\" data-element_type=\"widget\" data-e-type=\"widget\" data-widget_type=\"text-editor.default\">\n\t\t\t\t<div class=\"elementor-widget-container\">\n\t\t\t\t\t\t\t\t\t<p>Comme vous avez pu le lire dans le paragraphe pr\u00e9c\u00e9dent, nettoyer un v\u00e9hicule de la meilleur fa\u00e7on prend beaucoup de temps. Exemple pour un v\u00e9hicule de taille moyenne, un nettoyage int\u00e9rieur\/ext\u00e9rieur prend environ 5h. Imaginez vous ce que vous pouvez faire pendant tout ce temps ?\u00a0<\/p><p>Profitez, nous nous chargeons du reste !<\/p>\t\t\t\t\t\t\t\t<\/div>\n\t\t\t\t<\/div>\n\t\t\t\t\t<\/div>\n\t\t<\/div>\n\t\t\t\t\t<\/div>\n\t\t<\/section>\n\t\t\t\t<section class=\"elementor-section elementor-top-section elementor-element elementor-element-d9ac0a2 elementor-section-boxed elementor-section-height-default elementor-section-height-default\" data-id=\"d9ac0a2\" data-element_type=\"section\" data-e-type=\"section\">\n\t\t\t\t\t\t<div class=\"elementor-container elementor-column-gap-default\">\n\t\t\t\t\t<div class=\"elementor-column elementor-col-100 elementor-top-column elementor-element elementor-element-443d156\" data-id=\"443d156\" data-element_type=\"column\" data-e-type=\"column\">\n\t\t\t<div class=\"elementor-widget-wrap elementor-element-populated\">\n\t\t\t\t\t\t<div class=\"elementor-element elementor-element-36e3d07 elementor-widget elementor-widget-heading\" data-id=\"36e3d07\" data-element_type=\"widget\" data-e-type=\"widget\" data-widget_type=\"heading.default\">\n\t\t\t\t<div class=\"elementor-widget-container\">\n\t\t\t\t\t<h4 class=\"elementor-heading-title elementor-size-default\">4. Un service personnalis\u00e9<\/h4>\t\t\t\t<\/div>\n\t\t\t\t<\/div>\n\t\t\t\t\t<\/div>\n\t\t<\/div>\n\t\t\t\t\t<\/div>\n\t\t<\/section>\n\t\t\t\t<section class=\"elementor-section elementor-top-section elementor-element elementor-element-e6a815a elementor-section-boxed elementor-section-height-default elementor-section-height-default\" data-id=\"e6a815a\" data-element_type=\"section\" data-e-type=\"section\">\n\t\t\t\t\t\t<div class=\"elementor-container elementor-column-gap-default\">\n\t\t\t\t\t<div class=\"elementor-column elementor-col-66 elementor-top-column elementor-element elementor-element-81716b2\" data-id=\"81716b2\" data-element_type=\"column\" data-e-type=\"column\">\n\t\t\t<div class=\"elementor-widget-wrap elementor-element-populated\">\n\t\t\t\t\t\t<div class=\"elementor-element elementor-element-1f23f55 elementor-widget elementor-widget-text-editor\" data-id=\"1f23f55\" data-element_type=\"widget\" data-e-type=\"widget\" data-widget_type=\"text-editor.default\">\n\t\t\t\t<div class=\"elementor-widget-container\">\n\t\t\t\t\t\t\t\t\t<p>Chaque conducteur utilise son v\u00e9hicule \u00e0 sa fa\u00e7on. Un commercial effectuera beaucoup de km mais s&rsquo;arr\u00eatera pour manger donc l&rsquo;int\u00e9rieur restera assez propre mais l&rsquo;ext\u00e9rieur subira les d\u00e9pots routiers et les insectes. Par contre un ouvrier effectuera moins de km mais salira beaucoup plus l&rsquo;habitacle. Chez Wheeler Cleaner, nous \u00e9coutons vos besoins et travaillons en ad\u00e9quation avec votre style de vie. Nous travaillons \u00e9galement hors horaire de bureau et les week ends.\u00a0<\/p>\t\t\t\t\t\t\t\t<\/div>\n\t\t\t\t<\/div>\n\t\t\t\t\t<\/div>\n\t\t<\/div>\n\t\t\t\t<div class=\"elementor-column elementor-col-33 elementor-top-column elementor-element elementor-element-1f632f9\" data-id=\"1f632f9\" data-element_type=\"column\" data-e-type=\"column\">\n\t\t\t<div class=\"elementor-widget-wrap elementor-element-populated\">\n\t\t\t\t\t\t<div class=\"elementor-element elementor-element-a6cf8f6 elementor-widget elementor-widget-image\" data-id=\"a6cf8f6\" data-element_type=\"widget\" data-e-type=\"widget\" data-widget_type=\"image.default\">\n\t\t\t\t<div class=\"elementor-widget-container\">\n\t\t\t\t\t\t\t\t\t\t\t\t\t\t\t<img loading=\"lazy\" decoding=\"async\" width=\"150\" height=\"150\" src=\"https:\/\/i0.wp.com\/www.wheelercleaner.be\/wp-content\/uploads\/2023\/10\/AdobeStock_86328486-scaled.jpeg?resize=150%2C150&amp;ssl=1\" class=\"attachment-thumbnail size-thumbnail wp-image-1391\" alt=\"\" srcset=\"https:\/\/i0.wp.com\/www.wheelercleaner.be\/wp-content\/uploads\/2023\/10\/AdobeStock_86328486-scaled.jpeg?resize=150%2C150&amp;ssl=1 150w, https:\/\/i0.wp.com\/www.wheelercleaner.be\/wp-content\/uploads\/2023\/10\/AdobeStock_86328486-scaled.jpeg?zoom=2&amp;resize=150%2C150&amp;ssl=1 300w, https:\/\/i0.wp.com\/www.wheelercleaner.be\/wp-content\/uploads\/2023\/10\/AdobeStock_86328486-scaled.jpeg?zoom=3&amp;resize=150%2C150&amp;ssl=1 450w\" sizes=\"(max-width: 150px) 100vw, 150px\" \/>\t\t\t\t\t\t\t\t\t\t\t\t\t\t\t<\/div>\n\t\t\t\t<\/div>\n\t\t\t\t\t<\/div>\n\t\t<\/div>\n\t\t\t\t\t<\/div>\n\t\t<\/section>\n\t\t\t\t<\/div>\n\t\t","protected":false},"excerpt":{"rendered":"<p>Pourquoi faire appel \u00e0 nos services ? 1. Pr\u00e9server sa voiture dans le temps Les voitures coutent de plus en plus cher, et pour qu&rsquo;elles gardent un bel aspect au fil des kilom\u00e8tres et donc une belle valeur de revente, il est n\u00e9cessaire d&rsquo;en prendre soin.\u00a0 A l&rsquo;instar d&rsquo;une femme qui prend soin d&rsquo;elle en &hellip;<\/p>\n<p class=\"read-more\"> <a class=\"\" href=\"https:\/\/www.wheelercleaner.be\/index.php\/pourquoi-utiliser-nos-services\/\"> <span class=\"screen-reader-text\">Pourquoi utiliser nos services ?<\/span> Read More &raquo;<\/a><\/p>\n","protected":false},"author":1,"featured_media":0,"parent":0,"menu_order":0,"comment_status":"closed","ping_status":"closed","template":"","meta":{"_seopress_robots_primary_cat":"","_seopress_titles_title":"","_seopress_titles_desc":"","_seopress_robots_index":"","site-sidebar-layout":"no-sidebar","site-content-layout":"page-builder","ast-site-content-layout":"full-width-container","site-content-style":"default","site-sidebar-style":"default","ast-global-header-display":"","ast-banner-title-visibility":"","ast-main-header-display":"","ast-hfb-above-header-display":"","ast-hfb-below-header-display":"","ast-hfb-mobile-header-display":"","site-post-title":"disabled","ast-breadcrumbs-content":"","ast-featured-img":"disabled","footer-sml-layout":"","theme-transparent-header-meta":"","adv-header-id-meta":"","stick-header-meta":"","header-above-stick-meta":"","header-main-stick-meta":"","header-below-stick-meta":"","astra-migrate-meta-layouts":"set","ngg_post_thumbnail":0,"footnotes":""},"class_list":["post-1373","page","type-page","status-publish","hentry"],"jetpack_sharing_enabled":true,"_links":{"self":[{"href":"https:\/\/www.wheelercleaner.be\/index.php\/wp-json\/wp\/v2\/pages\/1373","targetHints":{"allow":["GET"]}}],"collection":[{"href":"https:\/\/www.wheelercleaner.be\/index.php\/wp-json\/wp\/v2\/pages"}],"about":[{"href":"https:\/\/www.wheelercleaner.be\/index.php\/wp-json\/wp\/v2\/types\/page"}],"author":[{"embeddable":true,"href":"https:\/\/www.wheelercleaner.be\/index.php\/wp-json\/wp\/v2\/users\/1"}],"replies":[{"embeddable":true,"href":"https:\/\/www.wheelercleaner.be\/index.php\/wp-json\/wp\/v2\/comments?post=1373"}],"version-history":[{"count":13,"href":"https:\/\/www.wheelercleaner.be\/index.php\/wp-json\/wp\/v2\/pages\/1373\/revisions"}],"predecessor-version":[{"id":1394,"href":"https:\/\/www.wheelercleaner.be\/index.php\/wp-json\/wp\/v2\/pages\/1373\/revisions\/1394"}],"wp:attachment":[{"href":"https:\/\/www.wheelercleaner.be\/index.php\/wp-json\/wp\/v2\/media?parent=1373"}],"curies":[{"name":"wp","href":"https:\/\/api.w.org\/{rel}","templated":true}]}}