{"id":686,"date":"2022-03-27T18:34:12","date_gmt":"2022-03-27T16:34:12","guid":{"rendered":"http:\/\/www.wheelercleaner.be\/?page_id=686"},"modified":"2023-09-07T11:27:54","modified_gmt":"2023-09-07T09:27:54","slug":"tarifs","status":"publish","type":"page","link":"https:\/\/www.wheelercleaner.be\/index.php\/tarifs\/","title":{"rendered":"Tarifs"},"content":{"rendered":"\t\t<div data-elementor-type=\"wp-page\" data-elementor-id=\"686\" class=\"elementor elementor-686\">\n\t\t\t\t\t\t<section class=\"elementor-section elementor-top-section elementor-element elementor-element-5f3e948 elementor-section-boxed elementor-section-height-default elementor-section-height-default\" data-id=\"5f3e948\" data-element_type=\"section\" data-e-type=\"section\">\n\t\t\t\t\t\t<div class=\"elementor-container elementor-column-gap-default\">\n\t\t\t\t\t<div class=\"elementor-column elementor-col-100 elementor-top-column elementor-element elementor-element-950e4a1\" data-id=\"950e4a1\" data-element_type=\"column\" data-e-type=\"column\">\n\t\t\t<div class=\"elementor-widget-wrap elementor-element-populated\">\n\t\t\t\t\t\t<div class=\"elementor-element elementor-element-9ad9f78 elementor-widget elementor-widget-heading\" data-id=\"9ad9f78\" data-element_type=\"widget\" data-e-type=\"widget\" data-widget_type=\"heading.default\">\n\t\t\t\t<div class=\"elementor-widget-container\">\n\t\t\t\t\t<h2 class=\"elementor-heading-title elementor-size-default\">Tarifs<\/h2>\t\t\t\t<\/div>\n\t\t\t\t<\/div>\n\t\t\t\t\t<\/div>\n\t\t<\/div>\n\t\t\t\t\t<\/div>\n\t\t<\/section>\n\t\t\t\t<section class=\"elementor-section elementor-top-section elementor-element elementor-element-76e81f2 elementor-section-boxed elementor-section-height-default elementor-section-height-default\" data-id=\"76e81f2\" data-element_type=\"section\" data-e-type=\"section\">\n\t\t\t\t\t\t<div class=\"elementor-container elementor-column-gap-default\">\n\t\t\t\t\t<div class=\"elementor-column elementor-col-100 elementor-top-column elementor-element elementor-element-c19dfab\" data-id=\"c19dfab\" data-element_type=\"column\" data-e-type=\"column\">\n\t\t\t<div class=\"elementor-widget-wrap elementor-element-populated\">\n\t\t\t\t\t\t<div class=\"elementor-element elementor-element-23cc2e9 elementor-widget elementor-widget-heading\" data-id=\"23cc2e9\" data-element_type=\"widget\" data-e-type=\"widget\" data-widget_type=\"heading.default\">\n\t\t\t\t<div class=\"elementor-widget-container\">\n\t\t\t\t\t<h2 class=\"elementor-heading-title elementor-size-medium\">Nettoyage \u00e0 domicile ou \u00e0 notre atelier<\/h2>\t\t\t\t<\/div>\n\t\t\t\t<\/div>\n\t\t\t\t\t<\/div>\n\t\t<\/div>\n\t\t\t\t\t<\/div>\n\t\t<\/section>\n\t\t\t\t<section class=\"elementor-section elementor-top-section elementor-element elementor-element-afc07fc elementor-section-boxed elementor-section-height-default elementor-section-height-default\" data-id=\"afc07fc\" data-element_type=\"section\" data-e-type=\"section\">\n\t\t\t\t\t\t<div class=\"elementor-container elementor-column-gap-default\">\n\t\t\t\t\t<div class=\"elementor-column elementor-col-100 elementor-top-column elementor-element elementor-element-b25b190\" data-id=\"b25b190\" data-element_type=\"column\" data-e-type=\"column\">\n\t\t\t<div class=\"elementor-widget-wrap elementor-element-populated\">\n\t\t\t\t\t\t<div class=\"elementor-element elementor-element-e8ed9c3 elementor-widget elementor-widget-text-editor\" data-id=\"e8ed9c3\" data-element_type=\"widget\" data-e-type=\"widget\" data-widget_type=\"text-editor.default\">\n\t\t\t\t<div class=\"elementor-widget-container\">\n\t\t\t\t\t\t\t\t\t<p>Vous pouvez utiliser notre module de r\u00e9servation ci-dessous pour avoir une estimation des tarifs. <strong>Cela n&rsquo;engage en rien.<\/strong> Une fois que vous avez fini toutes les \u00e9tapes, vous avez d\u00e9j\u00e0 une <strong>estimation assez pr\u00e9cise.<\/strong> Ensuite vous recevrez un devis d\u00e9taill\u00e9 et d\u00e9finitif qui prendra en compte <b>les promotions<\/b>, les frais de d\u00e9placement r\u00e9els etc..<\/p>\t\t\t\t\t\t\t\t<\/div>\n\t\t\t\t<\/div>\n\t\t\t\t\t<\/div>\n\t\t<\/div>\n\t\t\t\t\t<\/div>\n\t\t<\/section>\n\t\t\t\t<section class=\"elementor-section elementor-top-section elementor-element elementor-element-6df5b15 elementor-section-boxed elementor-section-height-default elementor-section-height-default\" data-id=\"6df5b15\" data-element_type=\"section\" data-e-type=\"section\">\n\t\t\t\t\t\t<div class=\"elementor-container elementor-column-gap-default\">\n\t\t\t\t\t<div class=\"elementor-column elementor-col-100 elementor-top-column elementor-element elementor-element-b8e59be\" data-id=\"b8e59be\" data-element_type=\"column\" data-e-type=\"column\">\n\t\t\t<div class=\"elementor-widget-wrap elementor-element-populated\">\n\t\t\t\t\t\t<div class=\"elementor-element elementor-element-4e2cc11 elementor-widget elementor-widget-heading\" data-id=\"4e2cc11\" data-element_type=\"widget\" data-e-type=\"widget\" data-widget_type=\"heading.default\">\n\t\t\t\t<div class=\"elementor-widget-container\">\n\t\t\t\t\t<h2 class=\"elementor-heading-title elementor-size-medium\">Services \u00e0 notre atelier (Polissage, pose c\u00e9ramique, reconditionnement)<\/h2>\t\t\t\t<\/div>\n\t\t\t\t<\/div>\n\t\t\t\t\t<\/div>\n\t\t<\/div>\n\t\t\t\t\t<\/div>\n\t\t<\/section>\n\t\t\t\t<section class=\"elementor-section elementor-top-section elementor-element elementor-element-1dbab3a elementor-section-boxed elementor-section-height-default elementor-section-height-default\" data-id=\"1dbab3a\" data-element_type=\"section\" data-e-type=\"section\">\n\t\t\t\t\t\t<div class=\"elementor-container elementor-column-gap-default\">\n\t\t\t\t\t<div class=\"elementor-column elementor-col-100 elementor-top-column elementor-element elementor-element-9da48eb\" data-id=\"9da48eb\" data-element_type=\"column\" data-e-type=\"column\">\n\t\t\t<div class=\"elementor-widget-wrap elementor-element-populated\">\n\t\t\t\t\t\t<div class=\"elementor-element elementor-element-489eb7a elementor-widget elementor-widget-text-editor\" data-id=\"489eb7a\" data-element_type=\"widget\" data-e-type=\"widget\" data-widget_type=\"text-editor.default\">\n\t\t\t\t<div class=\"elementor-widget-container\">\n\t\t\t\t\t\t\t\t\t<p>Il est tr\u00e8s dur de deviser les prestations de polissage, pose c\u00e9ramique etc&#8230;. sans avoir vu le v\u00e9hicule car leur v\u00e9tust\u00e9 sont toutes diff\u00e9rentes. N\u00e9anmoins, en dessous du module de r\u00e9servation se trouve un petit tableau r\u00e9capitulatif pour vous donner une premi\u00e8re estimation. Prenez contact avec nous via le module de r\u00e9servation pour r\u00e9server un devis gratuit ou via notre page de contact pour exprimer vos d\u00e9sid\u00e9ratas. <b>Tr\u00e8s r\u00e9guli\u00e8rement, le devis final est plus bas que le tarif affich\u00e9 ci-dessous.\u00a0<\/b><\/p>\t\t\t\t\t\t\t\t<\/div>\n\t\t\t\t<\/div>\n\t\t\t\t\t<\/div>\n\t\t<\/div>\n\t\t\t\t\t<\/div>\n\t\t<\/section>\n\t\t\t\t<section class=\"elementor-section elementor-top-section elementor-element elementor-element-6d13a1d elementor-section-boxed elementor-section-height-default elementor-section-height-default\" data-id=\"6d13a1d\" data-element_type=\"section\" data-e-type=\"section\">\n\t\t\t\t\t\t<div class=\"elementor-container elementor-column-gap-default\">\n\t\t\t\t\t<div class=\"elementor-column elementor-col-100 elementor-top-column elementor-element elementor-element-fc49a10\" data-id=\"fc49a10\" data-element_type=\"column\" data-e-type=\"column\">\n\t\t\t<div class=\"elementor-widget-wrap elementor-element-populated\">\n\t\t\t\t\t\t<div class=\"elementor-element elementor-element-29cbc32 elementor-widget elementor-widget-booknetic\" data-id=\"29cbc32\" data-element_type=\"widget\" data-e-type=\"widget\" data-widget_type=\"booknetic.default\">\n\t\t\t\t<div class=\"elementor-widget-container\">\n\t\t\t\t\t<div id=\"bookneticElementorContainer\"><link rel=\"stylesheet\" href=\"\/\/www.wheelercleaner.be\/wp-content\/uploads\/booknetic\/appearance\/theme_5.css\">\n<div class=\"booknetic_appointment\" id=\"booknetic_theme_5\" data-info=\"f1939de0a05c72bf3647ab32c7fae5bc32dd85891c54a281ae1065b518f08a0b:W10=\" data-steps=\"[{&quot;id&quot;:&quot;location&quot;,&quot;order_number&quot;:1,&quot;value&quot;:-1,&quot;hidden&quot;:true,&quot;loader&quot;:&quot;card1&quot;,&quot;title&quot;:&quot;Lieu&quot;,&quot;head_title&quot;:&quot;S\\u00e9lectionnez un lieu&quot;},{&quot;id&quot;:&quot;staff&quot;,&quot;order_number&quot;:11,&quot;value&quot;:-1,&quot;hidden&quot;:true,&quot;loader&quot;:&quot;card1&quot;,&quot;title&quot;:&quot;Personnel&quot;,&quot;head_title&quot;:&quot;S\\u00e9lectionner le personnel&quot;},{&quot;id&quot;:&quot;service&quot;,&quot;order_number&quot;:21,&quot;value&quot;:&quot;&quot;,&quot;hidden&quot;:false,&quot;loader&quot;:&quot;card2&quot;,&quot;title&quot;:&quot;Service&quot;,&quot;head_title&quot;:&quot;S\\u00e9lectionner un service&quot;,&quot;attrs&quot;:&quot; data-service-category=\\&quot;\\&quot;&quot;},{&quot;id&quot;:&quot;service_extras&quot;,&quot;order_number&quot;:31,&quot;value&quot;:&quot;&quot;,&quot;hidden&quot;:false,&quot;loader&quot;:&quot;card2&quot;,&quot;title&quot;:&quot;Extras et frais km&quot;,&quot;head_title&quot;:&quot;S\\u00e9lectionnez les services suppl\\u00e9mentaires&quot;},{&quot;id&quot;:&quot;date_time&quot;,&quot;order_number&quot;:41,&quot;value&quot;:&quot;&quot;,&quot;hidden&quot;:false,&quot;loader&quot;:&quot;card3&quot;,&quot;title&quot;:&quot;Date &amp;amp; Heure&quot;,&quot;head_title&quot;:&quot;Choisissez la date et le cr\\u00e9neau&quot;},{&quot;id&quot;:&quot;recurring_info&quot;,&quot;order_number&quot;:51,&quot;value&quot;:&quot;&quot;,&quot;hidden&quot;:true,&quot;loader&quot;:&quot;card3&quot;,&quot;title&quot;:&quot;Recurring info&quot;,&quot;head_title&quot;:&quot;Recurring info&quot;},{&quot;id&quot;:&quot;information&quot;,&quot;order_number&quot;:61,&quot;value&quot;:&quot;&quot;,&quot;hidden&quot;:false,&quot;loader&quot;:&quot;card3&quot;,&quot;title&quot;:&quot;Information client&quot;,&quot;head_title&quot;:&quot;Remplissez les informations&quot;},{&quot;id&quot;:&quot;cart&quot;,&quot;order_number&quot;:71,&quot;value&quot;:&quot;&quot;,&quot;hidden&quot;:false,&quot;loader&quot;:&quot;card3&quot;,&quot;title&quot;:&quot;R\\u00e9capitulatif&quot;,&quot;head_title&quot;:&quot;Add to cart&quot;},{&quot;id&quot;:&quot;confirm_details&quot;,&quot;order_number&quot;:81,&quot;value&quot;:&quot;&quot;,&quot;hidden&quot;:false,&quot;loader&quot;:&quot;card3&quot;,&quot;title&quot;:&quot;Confirmation&quot;,&quot;head_title&quot;:&quot;Confirmer les d\\u00e9tails&quot;}]\">\n\t<div class=\"booknetic_appointment_steps has-logo\">\n\t\t\t\t<div class=\"booknetic_company_logo\">\n\t\t\t<img data-recalc-dims=\"1\" decoding=\"async\" src=\"https:\/\/i0.wp.com\/www.wheelercleaner.be\/wp-content\/uploads\/booknetic\/settings\/376575d338d29ba4b7f7ec0fa8bfde29.png?ssl=1\">\n\t\t<\/div>\n\t\t\t\t<div class=\"booknetic_appointment_steps_body nice-scrollbar-primary\"><\/div>\n        <div class=\"booknetic_appointment_steps_footer\">\n            <div class=\"booknetic_appointment_steps_footer_txt1\">Vous avez des questions?<\/div>\n            <div class=\"booknetic_appointment_steps_footer_txt2\">0474419535<\/div>\n        <\/div>\n    <\/div>\n    <div class=\"booknetic_appointment_container\">\n\n        <div class=\"booknetic_appointment_container_header\">\n            <div class=\"booknetic_appointment_container_header_text\"><\/div>\n                        <div class=\"booknetic_appointment_container_header_cart booknetic_hidden\">\n                <div class=\"booknetic-appointment-container-cart-btn \">\n                    <img decoding=\"async\" src=\"https:\/\/www.wheelercleaner.be\/wp-content\/plugins\/booknetic\/app\/Frontend\/assets\/icons\/cart.svg\" alt=\"\">\n                    <span>0<\/span>\n                <\/div>\n            <\/div>\n                    <\/div>\n        <div class=\"booknetic_appointment_container_body\">\n\n            <div class=\"booknetic_preloader_card1_box booknetic_hidden\">\n                <div class=\"booknetic_preloader_card1\">\n                    <div class=\"booknetic_preloader_card1_image\"><\/div>\n                    <div class=\"booknetic_preloader_card1_description\"><\/div>\n                <\/div>\n\n                <div class=\"booknetic_preloader_card1\">\n                    <div class=\"booknetic_preloader_card1_image\"><\/div>\n                    <div class=\"booknetic_preloader_card1_description\"><\/div>\n                <\/div>\n\n                <div class=\"booknetic_preloader_card1\">\n                    <div class=\"booknetic_preloader_card1_image\"><\/div>\n                    <div class=\"booknetic_preloader_card1_description\"><\/div>\n                <\/div>\n            <\/div>\n\n            <div class=\"booknetic_preloader_card2_box booknetic_hidden\">\n                <div class=\"booknetic_preloader_card2\">\n                    <div class=\"booknetic_preloader_card2_image\"><\/div>\n                    <div class=\"booknetic_preloader_card2_description\"><\/div>\n                <\/div>\n\n                <div class=\"booknetic_preloader_card2\">\n                    <div class=\"booknetic_preloader_card2_image\"><\/div>\n                    <div class=\"booknetic_preloader_card2_description\"><\/div>\n                <\/div>\n\n                <div class=\"booknetic_preloader_card2\">\n                    <div class=\"booknetic_preloader_card2_image\"><\/div>\n                    <div class=\"booknetic_preloader_card2_description\"><\/div>\n                <\/div>\n            <\/div>\n\n            <div class=\"booknetic_preloader_card3_box booknetic_hidden\">\n                <div class=\"booknetic_preloader_card3\"><\/div>\n                <div class=\"booknetic_preloader_card3\"><\/div>\n                <div class=\"booknetic_preloader_card3\"><\/div>\n                <div class=\"booknetic_preloader_card3\"><\/div>\n            <\/div>\n\n            <div class=\"booknetic_need_copy\" >\n                <div data-step-id=\"location\" class=\"booknetic_hidden\"><\/div>\n                <div data-step-id=\"staff\" class=\"booknetic_hidden\"><\/div>\n                <div data-step-id=\"service\" class=\"booknetic_hidden\"><\/div>\n                <div data-step-id=\"service_extras\" class=\"booknetic_hidden\"><\/div>\n                <div data-step-id=\"date_time\" class=\"booknetic_hidden\"><\/div>\n                <div data-step-id=\"recurring_info\" class=\"booknetic_hidden\"><\/div>\n                <div data-step-id=\"information\" class=\"booknetic_hidden\"><\/div>\n            <\/div>\n\n            <div data-step-id=\"cart\" class=\"booknetic_hidden\"><\/div>\n            <div data-step-id=\"confirm_details\" class=\"booknetic_hidden\"><\/div>\n\n            <div class=\"booknetic_appointment_finished_with_error booknetic_hidden\">\n                <img decoding=\"async\" src=\"https:\/\/www.wheelercleaner.be\/wp-content\/plugins\/booknetic\/app\/Frontend\/assets\/images\/payment-error.svg\">\n                <div>We aren\u2019t able to process your payment. Please, try again.<\/div>\n            <\/div>\n\n        <\/div>\n        <div class=\"booknetic_appointment_container_footer\">\n            <button type=\"button\" class=\"booknetic_btn_secondary booknetic_prev_step\">RETOUR<\/button>\n            <div class=\"booknetic_warning_message\"><\/div>\n            <button type=\"button\" class=\"booknetic_btn_primary booknetic_next_step booknetic_next_step_btn\">PROCHAINE \u00c9TAPE<\/button>\n            <button type=\"button\" class=\"booknetic_btn_primary booknetic_next_step booknetic_confirm_booking_btn\">CONFIRMER LA R\u00c9SERVATION<\/button>\n            <button type=\"button\" class=\"booknetic_btn_primary booknetic_hidden booknetic_try_again_btn\">TRY AGAIN<\/button>\n        <\/div>\n\n        \n    <\/div>\n    <div class=\"booknetic_appointment_finished\">\n        <div class=\"booknetic_appointment_finished_icon\"><img decoding=\"async\" src=\"https:\/\/www.wheelercleaner.be\/wp-content\/plugins\/booknetic\/app\/Frontend\/assets\/icons\/status-ok.svg\"><\/div>\n        <div class=\"booknetic_appointment_finished_title\">Merci pour votre requ\u00eate!<\/div>\n        <div class=\"booknetic_appointment_finished_subtitle\">Votre num\u00e9ro de confirmation:<\/div>\n        <div class=\"booknetic_appointment_finished_code\"><\/div>\n        <div class=\"booknetic_appointment_finished_actions\">\n            <button type=\"button\" id=\"booknetic_add_to_google_calendar_btn\" class=\"booknetic_btn_secondary\"><img decoding=\"async\" src=\"https:\/\/www.wheelercleaner.be\/wp-content\/plugins\/booknetic\/app\/Frontend\/assets\/icons\/calendar.svg\"> AJOUTER AU CALENDRIER GOOGLE<\/button>\n            <a id=\"booknetic_add_to_icalendar_btn\" download=\"event.ics\" class=\"booknetic_btn_secondary booknetic_hidden\"><img decoding=\"async\" src=\"https:\/\/www.wheelercleaner.be\/wp-content\/plugins\/booknetic\/app\/Frontend\/assets\/icons\/calendar.svg\"> ADD TO iCAL CALENDAR<\/a>\n            <button type=\"button\" id=\"booknetic_start_new_booking_btn\" class=\"booknetic_btn_secondary\"><img decoding=\"async\" src=\"https:\/\/www.wheelercleaner.be\/wp-content\/plugins\/booknetic\/app\/Frontend\/assets\/icons\/plus.svg\"> DEBUTER UN NOUVEAU RDV<\/button>\n            <button type=\"button\" id=\"booknetic_finish_btn\" class=\"booknetic_btn_secondary\" data-redirect-url=\"\"><img decoding=\"async\" src=\"https:\/\/www.wheelercleaner.be\/wp-content\/plugins\/booknetic\/app\/Frontend\/assets\/icons\/check-small.svg\"> TERMINER LA RESERVATION<\/button>\n        <\/div>\n    <\/div>\n\n    <div id=\"booknetic_progress\" class=\"booknetic_progress_waiting booknetic_progress_done\"><dt><\/dt><dd><\/dd><\/div>\n<\/div>\n\n<script type=\"application\/javascript\">\n    (function ()\n    {\n        let initBookingPanel = function ()\n        {\n            if( typeof window.bookneticInitBookingPage !== 'undefined' ) {\n                jQuery(\".booknetic_appointment\").each( ( i , v ) =>\n                {\n                    window.bookneticInitBookingPage( v );\n                } );\n            } else {\n                \/* Bele yazilmasinin sebebi siteground-optimizer (Speed Optimizer) pluginidir ki, qeribe shekilde bu JS`i goturub oz JS faylina salib run edir ve error partlayir ki, window.bookneticInitBookingPage tapilmadi deye. *\/\n                setTimeout(initBookingPanel, 1000);\n            }\n        }\n\n        if( document.readyState === 'loading' )\n            document.addEventListener('DOMContentLoaded', initBookingPanel)\n        else\n            initBookingPanel();\n    })();\n<\/script>\n<\/div>\t\t\t\t<\/div>\n\t\t\t\t<\/div>\n\t\t\t\t\t<\/div>\n\t\t<\/div>\n\t\t\t\t\t<\/div>\n\t\t<\/section>\n\t\t\t\t<section class=\"elementor-section elementor-top-section elementor-element elementor-element-12f067a elementor-section-boxed elementor-section-height-default elementor-section-height-default\" data-id=\"12f067a\" data-element_type=\"section\" data-e-type=\"section\">\n\t\t\t\t\t\t<div class=\"elementor-container elementor-column-gap-default\">\n\t\t\t\t\t<div class=\"elementor-column elementor-col-100 elementor-top-column elementor-element elementor-element-b228431\" data-id=\"b228431\" data-element_type=\"column\" data-e-type=\"column\">\n\t\t\t<div class=\"elementor-widget-wrap elementor-element-populated\">\n\t\t\t\t\t\t<div class=\"elementor-element elementor-element-d6b31a4 elementor-widget elementor-widget-image\" data-id=\"d6b31a4\" data-element_type=\"widget\" data-e-type=\"widget\" data-widget_type=\"image.default\">\n\t\t\t\t<div class=\"elementor-widget-container\">\n\t\t\t\t\t\t\t\t\t\t\t\t\t\t\t<img data-recalc-dims=\"1\" decoding=\"async\" src=\"https:\/\/i0.wp.com\/www.wheelercleaner.be\/wp-content\/plugins\/elementor\/assets\/images\/placeholder.png?ssl=1\" title=\"\" alt=\"\" loading=\"lazy\" \/>\t\t\t\t\t\t\t\t\t\t\t\t\t\t\t<\/div>\n\t\t\t\t<\/div>\n\t\t\t\t\t<\/div>\n\t\t<\/div>\n\t\t\t\t\t<\/div>\n\t\t<\/section>\n\t\t\t\t<\/div>\n\t\t","protected":false},"excerpt":{"rendered":"<p>Tarifs Nettoyage \u00e0 domicile ou \u00e0 notre atelier Vous pouvez utiliser notre module de r\u00e9servation ci-dessous pour avoir une estimation des tarifs. Cela n&rsquo;engage en rien. Une fois que vous avez fini toutes les \u00e9tapes, vous avez d\u00e9j\u00e0 une estimation assez pr\u00e9cise. Ensuite vous recevrez un devis d\u00e9taill\u00e9 et d\u00e9finitif qui prendra en compte les &hellip;<\/p>\n<p class=\"read-more\"> <a class=\"\" href=\"https:\/\/www.wheelercleaner.be\/index.php\/tarifs\/\"> <span class=\"screen-reader-text\">Tarifs<\/span> Read More &raquo;<\/a><\/p>\n","protected":false},"author":1,"featured_media":0,"parent":0,"menu_order":0,"comment_status":"closed","ping_status":"closed","template":"","meta":{"_seopress_robots_primary_cat":"","_seopress_titles_title":"","_seopress_titles_desc":"","_seopress_robots_index":"","site-sidebar-layout":"no-sidebar","site-content-layout":"page-builder","ast-site-content-layout":"full-width-container","site-content-style":"default","site-sidebar-style":"default","ast-global-header-display":"","ast-banner-title-visibility":"","ast-main-header-display":"","ast-hfb-above-header-display":"","ast-hfb-below-header-display":"","ast-hfb-mobile-header-display":"","site-post-title":"disabled","ast-breadcrumbs-content":"","ast-featured-img":"disabled","footer-sml-layout":"","theme-transparent-header-meta":"","adv-header-id-meta":"","stick-header-meta":"","header-above-stick-meta":"","header-main-stick-meta":"","header-below-stick-meta":"","astra-migrate-meta-layouts":"","ngg_post_thumbnail":0,"footnotes":""},"class_list":["post-686","page","type-page","status-publish","hentry"],"jetpack_sharing_enabled":true,"_links":{"self":[{"href":"https:\/\/www.wheelercleaner.be\/index.php\/wp-json\/wp\/v2\/pages\/686","targetHints":{"allow":["GET"]}}],"collection":[{"href":"https:\/\/www.wheelercleaner.be\/index.php\/wp-json\/wp\/v2\/pages"}],"about":[{"href":"https:\/\/www.wheelercleaner.be\/index.php\/wp-json\/wp\/v2\/types\/page"}],"author":[{"embeddable":true,"href":"https:\/\/www.wheelercleaner.be\/index.php\/wp-json\/wp\/v2\/users\/1"}],"replies":[{"embeddable":true,"href":"https:\/\/www.wheelercleaner.be\/index.php\/wp-json\/wp\/v2\/comments?post=686"}],"version-history":[{"count":7,"href":"https:\/\/www.wheelercleaner.be\/index.php\/wp-json\/wp\/v2\/pages\/686\/revisions"}],"predecessor-version":[{"id":1202,"href":"https:\/\/www.wheelercleaner.be\/index.php\/wp-json\/wp\/v2\/pages\/686\/revisions\/1202"}],"wp:attachment":[{"href":"https:\/\/www.wheelercleaner.be\/index.php\/wp-json\/wp\/v2\/media?parent=686"}],"curies":[{"name":"wp","href":"https:\/\/api.w.org\/{rel}","templated":true}]}}