{"id":967,"date":"2023-08-15T10:09:35","date_gmt":"2023-08-15T08:09:35","guid":{"rendered":"http:\/\/www.wheelercleaner.be\/?page_id=967"},"modified":"2023-09-19T21:27:51","modified_gmt":"2023-09-19T19:27:51","slug":"elementor-967","status":"publish","type":"page","link":"https:\/\/www.wheelercleaner.be\/index.php\/elementor-967\/","title":{"rendered":"Planifier rendez-vous"},"content":{"rendered":"\t\t<div data-elementor-type=\"wp-page\" data-elementor-id=\"967\" class=\"elementor elementor-967\">\n\t\t\t\t\t\t<section class=\"elementor-section elementor-top-section elementor-element elementor-element-35396a2 elementor-section-boxed elementor-section-height-default elementor-section-height-default\" data-id=\"35396a2\" data-element_type=\"section\" data-e-type=\"section\">\n\t\t\t\t\t\t<div class=\"elementor-container elementor-column-gap-default\">\n\t\t\t\t\t<div class=\"elementor-column elementor-col-100 elementor-top-column elementor-element elementor-element-a0d5e0c\" data-id=\"a0d5e0c\" data-element_type=\"column\" data-e-type=\"column\">\n\t\t\t<div class=\"elementor-widget-wrap elementor-element-populated\">\n\t\t\t\t\t\t<div class=\"elementor-element elementor-element-5528390 elementor-widget elementor-widget-heading\" data-id=\"5528390\" data-element_type=\"widget\" data-e-type=\"widget\" data-widget_type=\"heading.default\">\n\t\t\t\t<div class=\"elementor-widget-container\">\n\t\t\t\t\t<h2 class=\"elementor-heading-title elementor-size-default\">Planifier votre rendez-vous <\/h2>\t\t\t\t<\/div>\n\t\t\t\t<\/div>\n\t\t\t\t\t<\/div>\n\t\t<\/div>\n\t\t\t\t\t<\/div>\n\t\t<\/section>\n\t\t\t\t<section class=\"elementor-section elementor-top-section elementor-element elementor-element-4154ea9 elementor-section-boxed elementor-section-height-default elementor-section-height-default\" data-id=\"4154ea9\" data-element_type=\"section\" data-e-type=\"section\">\n\t\t\t\t\t\t<div class=\"elementor-container elementor-column-gap-default\">\n\t\t\t\t\t<div class=\"elementor-column elementor-col-100 elementor-top-column elementor-element elementor-element-d922f37\" data-id=\"d922f37\" data-element_type=\"column\" data-e-type=\"column\">\n\t\t\t<div class=\"elementor-widget-wrap elementor-element-populated\">\n\t\t\t\t\t\t<div class=\"elementor-element elementor-element-d6c6ed8 elementor-widget elementor-widget-heading\" data-id=\"d6c6ed8\" data-element_type=\"widget\" data-e-type=\"widget\" data-widget_type=\"heading.default\">\n\t\t\t\t<div class=\"elementor-widget-container\">\n\t\t\t\t\t<h2 class=\"elementor-heading-title elementor-size-medium\">A lire avant de r\u00e9server :<\/h2>\t\t\t\t<\/div>\n\t\t\t\t<\/div>\n\t\t\t\t\t<\/div>\n\t\t<\/div>\n\t\t\t\t\t<\/div>\n\t\t<\/section>\n\t\t\t\t<section class=\"elementor-section elementor-top-section elementor-element elementor-element-f3be024 elementor-section-boxed elementor-section-height-default elementor-section-height-default\" data-id=\"f3be024\" data-element_type=\"section\" data-e-type=\"section\">\n\t\t\t\t\t\t<div class=\"elementor-container elementor-column-gap-default\">\n\t\t\t\t\t<div class=\"elementor-column elementor-col-100 elementor-top-column elementor-element elementor-element-3a464d3\" data-id=\"3a464d3\" data-element_type=\"column\" data-e-type=\"column\">\n\t\t\t<div class=\"elementor-widget-wrap elementor-element-populated\">\n\t\t\t\t\t\t<div class=\"elementor-element elementor-element-049f1d4 elementor-widget elementor-widget-text-editor\" data-id=\"049f1d4\" data-element_type=\"widget\" data-e-type=\"widget\" data-widget_type=\"text-editor.default\">\n\t\t\t\t<div class=\"elementor-widget-container\">\n\t\t\t\t\t\t\t\t\tR\u00e9servez le nettoyage de votre v\u00e9hicule en suivant le module de r\u00e9servation ci-dessous. <b>Les tarifs repris s&rsquo;entendent \u00eatre hors taxe.<\/b> TVA r\u00e9cup\u00e9rable et facture envoy\u00e9e par email. <u><b>Aucun paiement vous sera exig\u00e9 \u00e0 la r\u00e9servation.<\/b><\/u><br><p>&nbsp;Le rendez-vous pourrait \u00eatre d\u00e9plac\u00e9 en cas de mauvaise condition m\u00e9t\u00e9o<\/p>\n<p>Pr\u00eatez attention que nous effectuons un travail minutieux qui n\u00e9cessite du temps par rapport \u00e0 vos souhaits. Le module de r\u00e9servation calcule une estimation du temps n\u00e9cessaire mais pourrait vari\u00e9 en fonction de certains param\u00e8tres tel que la m\u00e9t\u00e9o, la situation o\u00f9 se trouve le v\u00e9hicule, l&rsquo;\u00e9tat du v\u00e9hicule,&#8230;<\/p>\n<p>Nous travaillons actuellement pour proposer prochainement une solution 100% autonome mais pour l&rsquo;instant notre \u00e9quipe aura besoin d&rsquo;un acc\u00e8s \u00e0 l&rsquo;eau et \u00e0 l&rsquo;\u00e9lectricit\u00e9 de votre domicile.<\/p>\n<p>Un devis final vous sera envoy\u00e9 par mail avant la confirmation du rendez-vous<\/p>\n<p>N&rsquo;h\u00e9sitez pas \u00e0 nous contacter pour avoir plus d&rsquo;information via mail, r\u00e9seaux sociaux (liens ci-dessus)<\/p>\n<p>Consultez nos conditions g\u00e9n\u00e9rales de ventes ici :&nbsp;<a href=\"https:\/\/www.wheelercleaner.be\/index.php\/conditions-generales-de-ventes\/\">https:\/\/www.wheelercleaner.be\/index.php\/conditions-generales-de-ventes\/<\/a><\/p>\t\t\t\t\t\t\t\t<\/div>\n\t\t\t\t<\/div>\n\t\t\t\t\t<\/div>\n\t\t<\/div>\n\t\t\t\t\t<\/div>\n\t\t<\/section>\n\t\t\t\t<section class=\"elementor-section elementor-top-section elementor-element elementor-element-8703e3b elementor-section-boxed elementor-section-height-default elementor-section-height-default\" data-id=\"8703e3b\" data-element_type=\"section\" data-e-type=\"section\">\n\t\t\t\t\t\t<div class=\"elementor-container elementor-column-gap-default\">\n\t\t\t\t\t<div class=\"elementor-column elementor-col-100 elementor-top-column elementor-element elementor-element-da29323\" data-id=\"da29323\" data-element_type=\"column\" data-e-type=\"column\">\n\t\t\t<div class=\"elementor-widget-wrap elementor-element-populated\">\n\t\t\t\t\t\t<div class=\"elementor-element elementor-element-1a88d5d elementor-widget elementor-widget-image\" data-id=\"1a88d5d\" data-element_type=\"widget\" data-e-type=\"widget\" data-widget_type=\"image.default\">\n\t\t\t\t<div class=\"elementor-widget-container\">\n\t\t\t\t\t\t\t\t\t\t\t\t\t\t\t\t<a href=\"https:\/\/www.wheelercleaner.be\/index.php\/panneau-client\/\">\n\t\t\t\t\t\t\t<img decoding=\"async\" width=\"300\" height=\"112\" src=\"https:\/\/i0.wp.com\/www.wheelercleaner.be\/wp-content\/uploads\/2023\/09\/Capture-decran-2023-09-19-211747.png?fit=300%2C112&amp;ssl=1\" class=\"attachment-medium size-medium wp-image-1296\" alt=\"\" srcset=\"https:\/\/i0.wp.com\/www.wheelercleaner.be\/wp-content\/uploads\/2023\/09\/Capture-decran-2023-09-19-211747.png?w=852&amp;ssl=1 852w, https:\/\/i0.wp.com\/www.wheelercleaner.be\/wp-content\/uploads\/2023\/09\/Capture-decran-2023-09-19-211747.png?resize=300%2C112&amp;ssl=1 300w, https:\/\/i0.wp.com\/www.wheelercleaner.be\/wp-content\/uploads\/2023\/09\/Capture-decran-2023-09-19-211747.png?resize=768%2C286&amp;ssl=1 768w\" sizes=\"(max-width: 300px) 100vw, 300px\" \/>\t\t\t\t\t\t\t\t<\/a>\n\t\t\t\t\t\t\t\t\t\t\t\t\t\t\t<\/div>\n\t\t\t\t<\/div>\n\t\t\t\t\t<\/div>\n\t\t<\/div>\n\t\t\t\t\t<\/div>\n\t\t<\/section>\n\t\t\t\t<section class=\"elementor-section elementor-top-section elementor-element elementor-element-0aa3602 elementor-section-boxed elementor-section-height-default elementor-section-height-default\" data-id=\"0aa3602\" data-element_type=\"section\" data-e-type=\"section\">\n\t\t\t\t\t\t<div class=\"elementor-container elementor-column-gap-default\">\n\t\t\t\t\t<div class=\"elementor-column elementor-col-100 elementor-top-column elementor-element elementor-element-4c6da65\" data-id=\"4c6da65\" data-element_type=\"column\" data-e-type=\"column\">\n\t\t\t<div class=\"elementor-widget-wrap elementor-element-populated\">\n\t\t\t\t\t\t<div class=\"elementor-element elementor-element-d43692a elementor-widget elementor-widget-booknetic\" data-id=\"d43692a\" data-element_type=\"widget\" data-e-type=\"widget\" data-widget_type=\"booknetic.default\">\n\t\t\t\t<div class=\"elementor-widget-container\">\n\t\t\t\t\t<div id=\"bookneticElementorContainer\"><link rel=\"stylesheet\" href=\"\/\/www.wheelercleaner.be\/wp-content\/uploads\/booknetic\/appearance\/theme_5.css\">\n<div class=\"booknetic_appointment\" id=\"booknetic_theme_5\" data-info=\"f1939de0a05c72bf3647ab32c7fae5bc32dd85891c54a281ae1065b518f08a0b:W10=\" data-steps=\"[{&quot;id&quot;:&quot;location&quot;,&quot;order_number&quot;:1,&quot;value&quot;:-1,&quot;hidden&quot;:true,&quot;loader&quot;:&quot;card1&quot;,&quot;title&quot;:&quot;Lieu&quot;,&quot;head_title&quot;:&quot;S\\u00e9lectionnez un lieu&quot;},{&quot;id&quot;:&quot;staff&quot;,&quot;order_number&quot;:11,&quot;value&quot;:-1,&quot;hidden&quot;:true,&quot;loader&quot;:&quot;card1&quot;,&quot;title&quot;:&quot;Personnel&quot;,&quot;head_title&quot;:&quot;S\\u00e9lectionner le personnel&quot;},{&quot;id&quot;:&quot;service&quot;,&quot;order_number&quot;:21,&quot;value&quot;:&quot;&quot;,&quot;hidden&quot;:false,&quot;loader&quot;:&quot;card2&quot;,&quot;title&quot;:&quot;Service&quot;,&quot;head_title&quot;:&quot;S\\u00e9lectionner un service&quot;,&quot;attrs&quot;:&quot; data-service-category=\\&quot;\\&quot;&quot;},{&quot;id&quot;:&quot;service_extras&quot;,&quot;order_number&quot;:31,&quot;value&quot;:&quot;&quot;,&quot;hidden&quot;:false,&quot;loader&quot;:&quot;card2&quot;,&quot;title&quot;:&quot;Extras et frais km&quot;,&quot;head_title&quot;:&quot;S\\u00e9lectionnez les services suppl\\u00e9mentaires&quot;},{&quot;id&quot;:&quot;date_time&quot;,&quot;order_number&quot;:41,&quot;value&quot;:&quot;&quot;,&quot;hidden&quot;:false,&quot;loader&quot;:&quot;card3&quot;,&quot;title&quot;:&quot;Date &amp;amp; Heure&quot;,&quot;head_title&quot;:&quot;Choisissez la date et le cr\\u00e9neau&quot;},{&quot;id&quot;:&quot;recurring_info&quot;,&quot;order_number&quot;:51,&quot;value&quot;:&quot;&quot;,&quot;hidden&quot;:true,&quot;loader&quot;:&quot;card3&quot;,&quot;title&quot;:&quot;Recurring info&quot;,&quot;head_title&quot;:&quot;Recurring info&quot;},{&quot;id&quot;:&quot;information&quot;,&quot;order_number&quot;:61,&quot;value&quot;:&quot;&quot;,&quot;hidden&quot;:false,&quot;loader&quot;:&quot;card3&quot;,&quot;title&quot;:&quot;Information client&quot;,&quot;head_title&quot;:&quot;Remplissez les informations&quot;},{&quot;id&quot;:&quot;cart&quot;,&quot;order_number&quot;:71,&quot;value&quot;:&quot;&quot;,&quot;hidden&quot;:false,&quot;loader&quot;:&quot;card3&quot;,&quot;title&quot;:&quot;R\\u00e9capitulatif&quot;,&quot;head_title&quot;:&quot;Add to cart&quot;},{&quot;id&quot;:&quot;confirm_details&quot;,&quot;order_number&quot;:81,&quot;value&quot;:&quot;&quot;,&quot;hidden&quot;:false,&quot;loader&quot;:&quot;card3&quot;,&quot;title&quot;:&quot;Confirmation&quot;,&quot;head_title&quot;:&quot;Confirmer les d\\u00e9tails&quot;}]\">\n\t<div class=\"booknetic_appointment_steps has-logo\">\n\t\t\t\t<div class=\"booknetic_company_logo\">\n\t\t\t<img data-recalc-dims=\"1\" decoding=\"async\" src=\"https:\/\/i0.wp.com\/www.wheelercleaner.be\/wp-content\/uploads\/booknetic\/settings\/376575d338d29ba4b7f7ec0fa8bfde29.png?ssl=1\">\n\t\t<\/div>\n\t\t\t\t<div class=\"booknetic_appointment_steps_body nice-scrollbar-primary\"><\/div>\n        <div class=\"booknetic_appointment_steps_footer\">\n            <div class=\"booknetic_appointment_steps_footer_txt1\">Vous avez des questions?<\/div>\n            <div class=\"booknetic_appointment_steps_footer_txt2\">0474419535<\/div>\n        <\/div>\n    <\/div>\n    <div class=\"booknetic_appointment_container\">\n\n        <div class=\"booknetic_appointment_container_header\">\n            <div class=\"booknetic_appointment_container_header_text\"><\/div>\n                        <div class=\"booknetic_appointment_container_header_cart booknetic_hidden\">\n                <div class=\"booknetic-appointment-container-cart-btn \">\n                    <img decoding=\"async\" src=\"https:\/\/www.wheelercleaner.be\/wp-content\/plugins\/booknetic\/app\/Frontend\/assets\/icons\/cart.svg\" alt=\"\">\n                    <span>0<\/span>\n                <\/div>\n            <\/div>\n                    <\/div>\n        <div class=\"booknetic_appointment_container_body\">\n\n            <div class=\"booknetic_preloader_card1_box booknetic_hidden\">\n                <div class=\"booknetic_preloader_card1\">\n                    <div class=\"booknetic_preloader_card1_image\"><\/div>\n                    <div class=\"booknetic_preloader_card1_description\"><\/div>\n                <\/div>\n\n                <div class=\"booknetic_preloader_card1\">\n                    <div class=\"booknetic_preloader_card1_image\"><\/div>\n                    <div class=\"booknetic_preloader_card1_description\"><\/div>\n                <\/div>\n\n                <div class=\"booknetic_preloader_card1\">\n                    <div class=\"booknetic_preloader_card1_image\"><\/div>\n                    <div class=\"booknetic_preloader_card1_description\"><\/div>\n                <\/div>\n            <\/div>\n\n            <div class=\"booknetic_preloader_card2_box booknetic_hidden\">\n                <div class=\"booknetic_preloader_card2\">\n                    <div class=\"booknetic_preloader_card2_image\"><\/div>\n                    <div class=\"booknetic_preloader_card2_description\"><\/div>\n                <\/div>\n\n                <div class=\"booknetic_preloader_card2\">\n                    <div class=\"booknetic_preloader_card2_image\"><\/div>\n                    <div class=\"booknetic_preloader_card2_description\"><\/div>\n                <\/div>\n\n                <div class=\"booknetic_preloader_card2\">\n                    <div class=\"booknetic_preloader_card2_image\"><\/div>\n                    <div class=\"booknetic_preloader_card2_description\"><\/div>\n                <\/div>\n            <\/div>\n\n            <div class=\"booknetic_preloader_card3_box booknetic_hidden\">\n                <div class=\"booknetic_preloader_card3\"><\/div>\n                <div class=\"booknetic_preloader_card3\"><\/div>\n                <div class=\"booknetic_preloader_card3\"><\/div>\n                <div class=\"booknetic_preloader_card3\"><\/div>\n            <\/div>\n\n            <div class=\"booknetic_need_copy\" >\n                <div data-step-id=\"location\" class=\"booknetic_hidden\"><\/div>\n                <div data-step-id=\"staff\" class=\"booknetic_hidden\"><\/div>\n                <div data-step-id=\"service\" class=\"booknetic_hidden\"><\/div>\n                <div data-step-id=\"service_extras\" class=\"booknetic_hidden\"><\/div>\n                <div data-step-id=\"date_time\" class=\"booknetic_hidden\"><\/div>\n                <div data-step-id=\"recurring_info\" class=\"booknetic_hidden\"><\/div>\n                <div data-step-id=\"information\" class=\"booknetic_hidden\"><\/div>\n            <\/div>\n\n            <div data-step-id=\"cart\" class=\"booknetic_hidden\"><\/div>\n            <div data-step-id=\"confirm_details\" class=\"booknetic_hidden\"><\/div>\n\n            <div class=\"booknetic_appointment_finished_with_error booknetic_hidden\">\n                <img decoding=\"async\" src=\"https:\/\/www.wheelercleaner.be\/wp-content\/plugins\/booknetic\/app\/Frontend\/assets\/images\/payment-error.svg\">\n                <div>We aren\u2019t able to process your payment. Please, try again.<\/div>\n            <\/div>\n\n        <\/div>\n        <div class=\"booknetic_appointment_container_footer\">\n            <button type=\"button\" class=\"booknetic_btn_secondary booknetic_prev_step\">RETOUR<\/button>\n            <div class=\"booknetic_warning_message\"><\/div>\n            <button type=\"button\" class=\"booknetic_btn_primary booknetic_next_step booknetic_next_step_btn\">PROCHAINE \u00c9TAPE<\/button>\n            <button type=\"button\" class=\"booknetic_btn_primary booknetic_next_step booknetic_confirm_booking_btn\">CONFIRMER LA R\u00c9SERVATION<\/button>\n            <button type=\"button\" class=\"booknetic_btn_primary booknetic_hidden booknetic_try_again_btn\">TRY AGAIN<\/button>\n        <\/div>\n\n        \n    <\/div>\n    <div class=\"booknetic_appointment_finished\">\n        <div class=\"booknetic_appointment_finished_icon\"><img decoding=\"async\" src=\"https:\/\/www.wheelercleaner.be\/wp-content\/plugins\/booknetic\/app\/Frontend\/assets\/icons\/status-ok.svg\"><\/div>\n        <div class=\"booknetic_appointment_finished_title\">Merci pour votre requ\u00eate!<\/div>\n        <div class=\"booknetic_appointment_finished_subtitle\">Votre num\u00e9ro de confirmation:<\/div>\n        <div class=\"booknetic_appointment_finished_code\"><\/div>\n        <div class=\"booknetic_appointment_finished_actions\">\n            <button type=\"button\" id=\"booknetic_add_to_google_calendar_btn\" class=\"booknetic_btn_secondary\"><img decoding=\"async\" src=\"https:\/\/www.wheelercleaner.be\/wp-content\/plugins\/booknetic\/app\/Frontend\/assets\/icons\/calendar.svg\"> AJOUTER AU CALENDRIER GOOGLE<\/button>\n            <a id=\"booknetic_add_to_icalendar_btn\" download=\"event.ics\" class=\"booknetic_btn_secondary booknetic_hidden\"><img decoding=\"async\" src=\"https:\/\/www.wheelercleaner.be\/wp-content\/plugins\/booknetic\/app\/Frontend\/assets\/icons\/calendar.svg\"> ADD TO iCAL CALENDAR<\/a>\n            <button type=\"button\" id=\"booknetic_start_new_booking_btn\" class=\"booknetic_btn_secondary\"><img decoding=\"async\" src=\"https:\/\/www.wheelercleaner.be\/wp-content\/plugins\/booknetic\/app\/Frontend\/assets\/icons\/plus.svg\"> DEBUTER UN NOUVEAU RDV<\/button>\n            <button type=\"button\" id=\"booknetic_finish_btn\" class=\"booknetic_btn_secondary\" data-redirect-url=\"\"><img decoding=\"async\" src=\"https:\/\/www.wheelercleaner.be\/wp-content\/plugins\/booknetic\/app\/Frontend\/assets\/icons\/check-small.svg\"> TERMINER LA RESERVATION<\/button>\n        <\/div>\n    <\/div>\n\n    <div id=\"booknetic_progress\" class=\"booknetic_progress_waiting booknetic_progress_done\"><dt><\/dt><dd><\/dd><\/div>\n<\/div>\n\n<script type=\"application\/javascript\">\n    (function ()\n    {\n        let initBookingPanel = function ()\n        {\n            if( typeof window.bookneticInitBookingPage !== 'undefined' ) {\n                jQuery(\".booknetic_appointment\").each( ( i , v ) =>\n                {\n                    window.bookneticInitBookingPage( v );\n                } );\n            } else {\n                \/* Bele yazilmasinin sebebi siteground-optimizer (Speed Optimizer) pluginidir ki, qeribe shekilde bu JS`i goturub oz JS faylina salib run edir ve error partlayir ki, window.bookneticInitBookingPage tapilmadi deye. *\/\n                setTimeout(initBookingPanel, 1000);\n            }\n        }\n\n        if( document.readyState === 'loading' )\n            document.addEventListener('DOMContentLoaded', initBookingPanel)\n        else\n            initBookingPanel();\n    })();\n<\/script>\n<\/div>\t\t\t\t<\/div>\n\t\t\t\t<\/div>\n\t\t\t\t\t<\/div>\n\t\t<\/div>\n\t\t\t\t\t<\/div>\n\t\t<\/section>\n\t\t\t\t<section class=\"elementor-section elementor-top-section elementor-element elementor-element-299ef7d elementor-section-boxed elementor-section-height-default elementor-section-height-default\" data-id=\"299ef7d\" data-element_type=\"section\" data-e-type=\"section\">\n\t\t\t\t\t\t<div class=\"elementor-container elementor-column-gap-default\">\n\t\t\t\t\t<div class=\"elementor-column elementor-col-100 elementor-top-column elementor-element elementor-element-ac77dd1\" data-id=\"ac77dd1\" data-element_type=\"column\" data-e-type=\"column\">\n\t\t\t<div class=\"elementor-widget-wrap\">\n\t\t\t\t\t\t\t<\/div>\n\t\t<\/div>\n\t\t\t\t\t<\/div>\n\t\t<\/section>\n\t\t\t\t<section class=\"elementor-section elementor-top-section elementor-element elementor-element-b240aeb elementor-section-boxed elementor-section-height-default elementor-section-height-default\" data-id=\"b240aeb\" data-element_type=\"section\" data-e-type=\"section\">\n\t\t\t\t\t\t<div class=\"elementor-container elementor-column-gap-default\">\n\t\t\t\t\t<div class=\"elementor-column elementor-col-100 elementor-top-column elementor-element elementor-element-b735d79\" data-id=\"b735d79\" data-element_type=\"column\" data-e-type=\"column\">\n\t\t\t<div class=\"elementor-widget-wrap\">\n\t\t\t\t\t\t\t<\/div>\n\t\t<\/div>\n\t\t\t\t\t<\/div>\n\t\t<\/section>\n\t\t\t\t<\/div>\n\t\t","protected":false},"excerpt":{"rendered":"<p>Planifier votre rendez-vous A lire avant de r\u00e9server : R\u00e9servez le nettoyage de votre v\u00e9hicule en suivant le module de r\u00e9servation ci-dessous. Les tarifs repris s&rsquo;entendent \u00eatre hors taxe. TVA r\u00e9cup\u00e9rable et facture envoy\u00e9e par email. Aucun paiement vous sera exig\u00e9 \u00e0 la r\u00e9servation. &nbsp;Le rendez-vous pourrait \u00eatre d\u00e9plac\u00e9 en cas de mauvaise condition m\u00e9t\u00e9o &hellip;<\/p>\n<p class=\"read-more\"> <a class=\"\" href=\"https:\/\/www.wheelercleaner.be\/index.php\/elementor-967\/\"> <span class=\"screen-reader-text\">Planifier rendez-vous<\/span> Read More &raquo;<\/a><\/p>\n","protected":false},"author":1,"featured_media":0,"parent":0,"menu_order":0,"comment_status":"closed","ping_status":"closed","template":"","meta":{"_seopress_robots_primary_cat":"","_seopress_titles_title":"","_seopress_titles_desc":"","_seopress_robots_index":"","site-sidebar-layout":"no-sidebar","site-content-layout":"page-builder","ast-site-content-layout":"default","site-content-style":"default","site-sidebar-style":"default","ast-global-header-display":"","ast-banner-title-visibility":"","ast-main-header-display":"","ast-hfb-above-header-display":"","ast-hfb-below-header-display":"","ast-hfb-mobile-header-display":"","site-post-title":"disabled","ast-breadcrumbs-content":"","ast-featured-img":"disabled","footer-sml-layout":"","theme-transparent-header-meta":"","adv-header-id-meta":"","stick-header-meta":"","header-above-stick-meta":"","header-main-stick-meta":"","header-below-stick-meta":"","astra-migrate-meta-layouts":"set","ngg_post_thumbnail":0,"footnotes":""},"class_list":["post-967","page","type-page","status-publish","hentry"],"jetpack_sharing_enabled":true,"_links":{"self":[{"href":"https:\/\/www.wheelercleaner.be\/index.php\/wp-json\/wp\/v2\/pages\/967","targetHints":{"allow":["GET"]}}],"collection":[{"href":"https:\/\/www.wheelercleaner.be\/index.php\/wp-json\/wp\/v2\/pages"}],"about":[{"href":"https:\/\/www.wheelercleaner.be\/index.php\/wp-json\/wp\/v2\/types\/page"}],"author":[{"embeddable":true,"href":"https:\/\/www.wheelercleaner.be\/index.php\/wp-json\/wp\/v2\/users\/1"}],"replies":[{"embeddable":true,"href":"https:\/\/www.wheelercleaner.be\/index.php\/wp-json\/wp\/v2\/comments?post=967"}],"version-history":[{"count":37,"href":"https:\/\/www.wheelercleaner.be\/index.php\/wp-json\/wp\/v2\/pages\/967\/revisions"}],"predecessor-version":[{"id":1300,"href":"https:\/\/www.wheelercleaner.be\/index.php\/wp-json\/wp\/v2\/pages\/967\/revisions\/1300"}],"wp:attachment":[{"href":"https:\/\/www.wheelercleaner.be\/index.php\/wp-json\/wp\/v2\/media?parent=967"}],"curies":[{"name":"wp","href":"https:\/\/api.w.org\/{rel}","templated":true}]}}