{"id":969,"date":"2023-08-15T09:54:24","date_gmt":"2023-08-15T07:54:24","guid":{"rendered":"http:\/\/www.wheelercleaner.be\/?page_id=969"},"modified":"2023-09-05T11:34:46","modified_gmt":"2023-09-05T09:34:46","slug":"conditions-generales-de-ventes","status":"publish","type":"page","link":"https:\/\/www.wheelercleaner.be\/index.php\/conditions-generales-de-ventes\/","title":{"rendered":"Conditions g\u00e9n\u00e9rales de ventes"},"content":{"rendered":"\t\t<div data-elementor-type=\"wp-page\" data-elementor-id=\"969\" class=\"elementor elementor-969\">\n\t\t\t\t\t\t<section class=\"elementor-section elementor-top-section elementor-element elementor-element-aeffc18 elementor-section-boxed elementor-section-height-default elementor-section-height-default\" data-id=\"aeffc18\" data-element_type=\"section\" data-e-type=\"section\">\n\t\t\t\t\t\t<div class=\"elementor-container elementor-column-gap-default\">\n\t\t\t\t\t<div class=\"elementor-column elementor-col-100 elementor-top-column elementor-element elementor-element-c12ea1b\" data-id=\"c12ea1b\" data-element_type=\"column\" data-e-type=\"column\">\n\t\t\t<div class=\"elementor-widget-wrap elementor-element-populated\">\n\t\t\t\t\t\t<div class=\"elementor-element elementor-element-6fabfd7 elementor-widget elementor-widget-text-editor\" data-id=\"6fabfd7\" data-element_type=\"widget\" data-e-type=\"widget\" data-widget_type=\"text-editor.default\">\n\t\t\t\t<div class=\"elementor-widget-container\">\n\t\t\t\t\t\t\t\t\t<p style=\"text-align: right;\">Derni\u00e8re mise \u00e0 jour le 05\/09\/2023<\/p>\t\t\t\t\t\t\t\t<\/div>\n\t\t\t\t<\/div>\n\t\t\t\t\t<\/div>\n\t\t<\/div>\n\t\t\t\t\t<\/div>\n\t\t<\/section>\n\t\t\t\t<section class=\"elementor-section elementor-top-section elementor-element elementor-element-940c069 elementor-section-boxed elementor-section-height-default elementor-section-height-default\" data-id=\"940c069\" data-element_type=\"section\" data-e-type=\"section\">\n\t\t\t\t\t\t<div class=\"elementor-container elementor-column-gap-default\">\n\t\t\t\t\t<div class=\"elementor-column elementor-col-100 elementor-top-column elementor-element elementor-element-e1d9d7d\" data-id=\"e1d9d7d\" data-element_type=\"column\" data-e-type=\"column\">\n\t\t\t<div class=\"elementor-widget-wrap elementor-element-populated\">\n\t\t\t\t\t\t<div class=\"elementor-element elementor-element-18b9426 elementor-widget elementor-widget-heading\" data-id=\"18b9426\" data-element_type=\"widget\" data-e-type=\"widget\" data-widget_type=\"heading.default\">\n\t\t\t\t<div class=\"elementor-widget-container\">\n\t\t\t\t\t<h2 class=\"elementor-heading-title elementor-size-default\">Conditions g\u00e9n\u00e9rales de ventes<\/h2>\t\t\t\t<\/div>\n\t\t\t\t<\/div>\n\t\t\t\t\t<\/div>\n\t\t<\/div>\n\t\t\t\t\t<\/div>\n\t\t<\/section>\n\t\t\t\t<section class=\"elementor-section elementor-top-section elementor-element elementor-element-f6f6b78 elementor-section-boxed elementor-section-height-default elementor-section-height-default\" data-id=\"f6f6b78\" data-element_type=\"section\" data-e-type=\"section\">\n\t\t\t\t\t\t<div class=\"elementor-container elementor-column-gap-default\">\n\t\t\t\t\t<div class=\"elementor-column elementor-col-100 elementor-top-column elementor-element elementor-element-832de8d\" data-id=\"832de8d\" data-element_type=\"column\" data-e-type=\"column\">\n\t\t\t<div class=\"elementor-widget-wrap elementor-element-populated\">\n\t\t\t\t\t\t<div class=\"elementor-element elementor-element-91eca84 elementor-widget elementor-widget-heading\" data-id=\"91eca84\" data-element_type=\"widget\" data-e-type=\"widget\" data-widget_type=\"heading.default\">\n\t\t\t\t<div class=\"elementor-widget-container\">\n\t\t\t\t\t<h2 class=\"elementor-heading-title elementor-size-medium\">Validit\u00e9<\/h2>\t\t\t\t<\/div>\n\t\t\t\t<\/div>\n\t\t\t\t\t<\/div>\n\t\t<\/div>\n\t\t\t\t\t<\/div>\n\t\t<\/section>\n\t\t\t\t<section class=\"elementor-section elementor-top-section elementor-element elementor-element-996a053 elementor-section-boxed elementor-section-height-default elementor-section-height-default\" data-id=\"996a053\" data-element_type=\"section\" data-e-type=\"section\">\n\t\t\t\t\t\t<div class=\"elementor-container elementor-column-gap-default\">\n\t\t\t\t\t<div class=\"elementor-column elementor-col-100 elementor-top-column elementor-element elementor-element-af2ec34\" data-id=\"af2ec34\" data-element_type=\"column\" data-e-type=\"column\">\n\t\t\t<div class=\"elementor-widget-wrap elementor-element-populated\">\n\t\t\t\t\t\t<div class=\"elementor-element elementor-element-52984ea elementor-widget elementor-widget-text-editor\" data-id=\"52984ea\" data-element_type=\"widget\" data-e-type=\"widget\" data-widget_type=\"text-editor.default\">\n\t\t\t\t<div class=\"elementor-widget-container\">\n\t\t\t\t\t\t\t\t\t<p>Les dispositions des pr\u00e9sentes conditions g\u00e9n\u00e9rales font partie int\u00e9grante de nos offres. En passant commande ou en acceptant un rendez-vous,le client confirme son acceptation pleine et enti\u00e8re des pr\u00e9sentes conditions g\u00e9n\u00e9rales de ventes. Seules ces derni\u00e8res sont valables et prennent le droit par rapport aux pr\u00e9c\u00e9dentes conditions g\u00e9n\u00e9rales, des conditions g\u00e9n\u00e9rales suppl\u00e9mentaires sont \u00e9galement d&rsquo;application pour les contrats annuels des entretiens. Vous pouvez trouver ces conditions g\u00e9n\u00e9rale en cliquant sur ce lien :\u00a0<a href=\"https:\/\/www.wheelercleaner.be\/index.php\/conditions-generales-ventes-pour-contrat-annuel\">https:\/\/www.wheelercleaner.be\/index.php\/conditions-generales-ventes-pour-contrat-annuel<\/a><\/p><p>La soci\u00e9t\u00e9 NIGHT57 SRL, sous la d\u00e9nomination commerciale de Wheelercleaner, se r\u00e9serve le droit de modifier ces conditions g\u00e9n\u00e9rales de ventes, sans pr\u00e9avis. Les clients ayant pass\u00e9 commande au pr\u00e9alable recevront un mail annon\u00e7ant les modifications.<\/p>\t\t\t\t\t\t\t\t<\/div>\n\t\t\t\t<\/div>\n\t\t\t\t\t<\/div>\n\t\t<\/div>\n\t\t\t\t\t<\/div>\n\t\t<\/section>\n\t\t\t\t<section class=\"elementor-section elementor-top-section elementor-element elementor-element-4a47972 elementor-section-boxed elementor-section-height-default elementor-section-height-default\" data-id=\"4a47972\" data-element_type=\"section\" data-e-type=\"section\">\n\t\t\t\t\t\t<div class=\"elementor-container elementor-column-gap-default\">\n\t\t\t\t\t<div class=\"elementor-column elementor-col-100 elementor-top-column elementor-element elementor-element-377d99f\" data-id=\"377d99f\" data-element_type=\"column\" data-e-type=\"column\">\n\t\t\t<div class=\"elementor-widget-wrap elementor-element-populated\">\n\t\t\t\t\t\t<div class=\"elementor-element elementor-element-89717a4 elementor-widget elementor-widget-heading\" data-id=\"89717a4\" data-element_type=\"widget\" data-e-type=\"widget\" data-widget_type=\"heading.default\">\n\t\t\t\t<div class=\"elementor-widget-container\">\n\t\t\t\t\t<h2 class=\"elementor-heading-title elementor-size-medium\">Tarifs<\/h2>\t\t\t\t<\/div>\n\t\t\t\t<\/div>\n\t\t\t\t\t<\/div>\n\t\t<\/div>\n\t\t\t\t\t<\/div>\n\t\t<\/section>\n\t\t\t\t<section class=\"elementor-section elementor-top-section elementor-element elementor-element-0ab9663 elementor-section-boxed elementor-section-height-default elementor-section-height-default\" data-id=\"0ab9663\" data-element_type=\"section\" data-e-type=\"section\">\n\t\t\t\t\t\t<div class=\"elementor-container elementor-column-gap-default\">\n\t\t\t\t\t<div class=\"elementor-column elementor-col-100 elementor-top-column elementor-element elementor-element-e8f7f6d\" data-id=\"e8f7f6d\" data-element_type=\"column\" data-e-type=\"column\">\n\t\t\t<div class=\"elementor-widget-wrap elementor-element-populated\">\n\t\t\t\t\t\t<div class=\"elementor-element elementor-element-17d4cc4 elementor-widget elementor-widget-text-editor\" data-id=\"17d4cc4\" data-element_type=\"widget\" data-e-type=\"widget\" data-widget_type=\"text-editor.default\">\n\t\t\t\t<div class=\"elementor-widget-container\">\n\t\t\t\t\t\t\t\t\t<p>La soci\u00e9t\u00e9 NIGHT57 SRL, sous la d\u00e9nomination commerciale de Wheelercleaner, se r\u00e9serve le droit de modifier les tarifs, sans pr\u00e9avis. Les contrats en cours ainsi que les commandes sous les anciens tarifs resteront de vigueur jusqu&rsquo;\u00e0 la fin de la prestation.<\/p><p>Les tarifs et les frais de d\u00e9placement annonc\u00e9s sur le formulaire de r\u00e9servation ne sont pr\u00e9sent qu&rsquo;\u00e0 titre informatif, seul les montants repris dans le devis et envoy\u00e9s par mail sont d&rsquo;application.<\/p><p>Les frais de d\u00e9placement sont calcul\u00e9s par zone g\u00e9ographique si le lieu de la prestation est en dehors de ces zones, un calcul du kilom\u00e9trage pr\u00e9cis en partant de notre atelier, situ\u00e9 \u00e0 123 rue paul pastur 6043 Ransart, sera repris dans le devis en partant de la base que Wheelercleaner offre les 15 premiers kilom\u00e8tres, ensuite nous comptabilisons 0.30\u20ac du kilom\u00e8tre aller-retour.<\/p><p>Des frais suppl\u00e9mentaires peuvent \u00eatre factur\u00e9s pour les travaux demand\u00e9s par le client lors de la prestation ainsi que pour un v\u00e9hicule dont son \u00e9tat de propret\u00e9 sort de la normal.<\/p><p>En cas d&rsquo;annulation de la prestation de la part du client moins de 48h du rendez-vous, Wheeler Cleaner se r\u00e9serve le droit de facturer la prestation ou une partie de celle-ci en d\u00e9dommagement pour le manque a gagner.<\/p><p>Tout d\u00e9placement inutile d\u00fb au fait du client (par exemple suite au non-acc\u00e8s des locaux, \u00e0 l\u2019impossibilit\u00e9 de travailler) lui sera factur\u00e9 au tarif du jour.<\/p>\t\t\t\t\t\t\t\t<\/div>\n\t\t\t\t<\/div>\n\t\t\t\t<div class=\"elementor-element elementor-element-a862b60 elementor-widget elementor-widget-heading\" data-id=\"a862b60\" data-element_type=\"widget\" data-e-type=\"widget\" data-widget_type=\"heading.default\">\n\t\t\t\t<div class=\"elementor-widget-container\">\n\t\t\t\t\t<h2 class=\"elementor-heading-title elementor-size-medium\">Paiements<\/h2>\t\t\t\t<\/div>\n\t\t\t\t<\/div>\n\t\t\t\t<div class=\"elementor-element elementor-element-02a8a88 elementor-widget elementor-widget-text-editor\" data-id=\"02a8a88\" data-element_type=\"widget\" data-e-type=\"widget\" data-widget_type=\"text-editor.default\">\n\t\t\t\t<div class=\"elementor-widget-container\">\n\t\t\t\t\t\t\t\t\t<p>Sauf convention contraire, nos factures sont payables en totalit\u00e9 au comptant sauf pour les clients professionnel. Toute somme non pay\u00e9e \u00e0 l&rsquo;\u00e9ch\u00e9ance entra\u00eenera de plein droit et sans mise en demeure un int\u00e9r\u00eat de 1,5% par mois entam\u00e9. En outre, il est express\u00e9ment convenu qu&rsquo;en cas de non-paiement d&rsquo;une facture \u00e0 l&rsquo;\u00e9ch\u00e9ance, elle sera major\u00e9e d&rsquo;une indemnit\u00e9 fixe et indivisible de 18% avec un minimum de 50 \u20ac, clause accept\u00e9e par le client. conform\u00e9ment aux articles 1147, 1152 et 1229 du Code civil. En cas de non-paiement d&rsquo;une facture \u00e0 l&rsquo;\u00e9ch\u00e9ance, le d\u00e9lai imparti pour toutes les autres livraisons et travaux expirera et chaque facture deviendra imm\u00e9diatement exigible. Il donne \u00e9galement le droit de suspendre les travaux pour ce qui n&rsquo;a pas encore \u00e9t\u00e9 convenu. Conform\u00e9ment \u00e0 la loi du 02\/08\/2002 relative \u00e0 la lutte contre le retard de paiement dans les transactions commerciales, si le contractant ne paie pas dans le d\u00e9lai de paiement convenu, l&rsquo;entreprise a droit, sans pr\u00e9judice de son droit au remboursement des frais de justice, conform\u00e9ment avec les dispositions du Code Judiciaire. , d&rsquo;exiger de l&rsquo;adjudicataire une indemnit\u00e9 pour tous les frais occasionn\u00e9s par le retard de paiement.<\/p>\t\t\t\t\t\t\t\t<\/div>\n\t\t\t\t<\/div>\n\t\t\t\t\t<\/div>\n\t\t<\/div>\n\t\t\t\t\t<\/div>\n\t\t<\/section>\n\t\t\t\t<section class=\"elementor-section elementor-top-section elementor-element elementor-element-a904105 elementor-section-boxed elementor-section-height-default elementor-section-height-default\" data-id=\"a904105\" data-element_type=\"section\" data-e-type=\"section\">\n\t\t\t\t\t\t<div class=\"elementor-container elementor-column-gap-default\">\n\t\t\t\t\t<div class=\"elementor-column elementor-col-100 elementor-top-column elementor-element elementor-element-6cfac40\" data-id=\"6cfac40\" data-element_type=\"column\" data-e-type=\"column\">\n\t\t\t<div class=\"elementor-widget-wrap elementor-element-populated\">\n\t\t\t\t\t\t<div class=\"elementor-element elementor-element-69726ac elementor-widget elementor-widget-heading\" data-id=\"69726ac\" data-element_type=\"widget\" data-e-type=\"widget\" data-widget_type=\"heading.default\">\n\t\t\t\t<div class=\"elementor-widget-container\">\n\t\t\t\t\t<h2 class=\"elementor-heading-title elementor-size-medium\">Responsabilit\u00e9<\/h2>\t\t\t\t<\/div>\n\t\t\t\t<\/div>\n\t\t\t\t\t<\/div>\n\t\t<\/div>\n\t\t\t\t\t<\/div>\n\t\t<\/section>\n\t\t\t\t<section class=\"elementor-section elementor-top-section elementor-element elementor-element-0132eac elementor-section-boxed elementor-section-height-default elementor-section-height-default\" data-id=\"0132eac\" data-element_type=\"section\" data-e-type=\"section\">\n\t\t\t\t\t\t<div class=\"elementor-container elementor-column-gap-default\">\n\t\t\t\t\t<div class=\"elementor-column elementor-col-100 elementor-top-column elementor-element elementor-element-cf78e17\" data-id=\"cf78e17\" data-element_type=\"column\" data-e-type=\"column\">\n\t\t\t<div class=\"elementor-widget-wrap elementor-element-populated\">\n\t\t\t\t\t\t<div class=\"elementor-element elementor-element-3751334 elementor-widget elementor-widget-text-editor\" data-id=\"3751334\" data-element_type=\"widget\" data-e-type=\"widget\" data-widget_type=\"text-editor.default\">\n\t\t\t\t<div class=\"elementor-widget-container\">\n\t\t\t\t\t\t\t\t\t<p>Wheeler Cleaner d\u00e9cline toutes responsabilit\u00e9s sur les d\u00e9g\u00e2ts occasionn\u00e9s lors de la prestation dont la v\u00e9tust\u00e9 du v\u00e9hicule en est la cause. Le client s&rsquo;engage a vid\u00e9 sa voiture des objets de valeurs car Wheeler Cleaner ne sera pas tenu responsable de la disparition ou la d\u00e9gradation de ceux-ci.<\/p>\n<p>Le client s&rsquo;engage \u00e0 laisser d\u00e9gag\u00e9 l&rsquo;espace autour du v\u00e9hicule d&rsquo;au minimum 1m50 ainsi que d\u00e9gag\u00e9 l&rsquo;habitacle de tous les objets amovibles tel que si\u00e8ges enfants, courses alimentaires, etc&#8230;. Des surcouts de manutention pourront \u00eatre factur\u00e9s si ce n&rsquo;\u00e9tait pas le cas. Il devra fournir \u00e9galement l&rsquo;acc\u00e8s \u00e0 un point d&rsquo;eau et \u00e0 une prise de courant sauf si l&rsquo;option 100% autonomie a \u00e9t\u00e9 choisie.<\/p>\n<p>Wheeler Cleaner travaille avec des produits haut de gamme pr\u00e9vu uniquement \u00e0 l&rsquo;entretien de la carrosserie et de l&rsquo;habitacle dans le monde du detailing. Ils sont inoffensifs contre les protections c\u00e9ramiques, au contraire, ils nourrissent ces derni\u00e8res afin qu&rsquo;elles prolongent leur dur\u00e9e de vie. Le mat\u00e9riel est les produits utilis\u00e9s pour l&rsquo;habitacle ne d\u00e9t\u00e9riorent pas le mat\u00e9riel \u00e9lectronique ainsi que les \u00e9crans.<\/p>\n<p>A d\u00e9faut d\u2019autorisation pr\u00e9alable et \u00e9crite de notre part, notre personnel n\u2019est pas autoris\u00e9 \u00e0 effectuer d\u2019autres travaux que ceux vis\u00e9s au devis ou dans le cahier des charges, fussent-ils m\u00eame accessoires ou de courte dur\u00e9e.<\/p>\n<p>Le client s&rsquo;engage \u00e0 faire le tour du v\u00e9hicule en pr\u00e9sence du prestataire \u00e0 la fin de son travail. Toutes contestations doit se faire imm\u00e9diatement. Si malheureusement contestation il y a, le client ne pourra en aucun cas suspendre le paiement. Si une solution n&rsquo;est pas envisageable imm\u00e9diatement, les deux parties prendront contact afin de trouver un terrain d&rsquo;entente.<\/p>\n<p><\/p>\t\t\t\t\t\t\t\t<\/div>\n\t\t\t\t<\/div>\n\t\t\t\t\t<\/div>\n\t\t<\/div>\n\t\t\t\t\t<\/div>\n\t\t<\/section>\n\t\t\t\t<section class=\"elementor-section elementor-top-section elementor-element elementor-element-de29bcc elementor-section-boxed elementor-section-height-default elementor-section-height-default\" data-id=\"de29bcc\" data-element_type=\"section\" data-e-type=\"section\">\n\t\t\t\t\t\t<div class=\"elementor-container elementor-column-gap-default\">\n\t\t\t\t\t<div class=\"elementor-column elementor-col-100 elementor-top-column elementor-element elementor-element-2359567\" data-id=\"2359567\" data-element_type=\"column\" data-e-type=\"column\">\n\t\t\t<div class=\"elementor-widget-wrap elementor-element-populated\">\n\t\t\t\t\t\t<div class=\"elementor-element elementor-element-857c7f3 elementor-widget elementor-widget-heading\" data-id=\"857c7f3\" data-element_type=\"widget\" data-e-type=\"widget\" data-widget_type=\"heading.default\">\n\t\t\t\t<div class=\"elementor-widget-container\">\n\t\t\t\t\t<h2 class=\"elementor-heading-title elementor-size-medium\">Protection des donn\u00e9es personnelles <\/h2>\t\t\t\t<\/div>\n\t\t\t\t<\/div>\n\t\t\t\t\t<\/div>\n\t\t<\/div>\n\t\t\t\t\t<\/div>\n\t\t<\/section>\n\t\t\t\t<section class=\"elementor-section elementor-top-section elementor-element elementor-element-bf4df9c elementor-section-boxed elementor-section-height-default elementor-section-height-default\" data-id=\"bf4df9c\" data-element_type=\"section\" data-e-type=\"section\">\n\t\t\t\t\t\t<div class=\"elementor-container elementor-column-gap-default\">\n\t\t\t\t\t<div class=\"elementor-column elementor-col-100 elementor-top-column elementor-element elementor-element-9a76c6b\" data-id=\"9a76c6b\" data-element_type=\"column\" data-e-type=\"column\">\n\t\t\t<div class=\"elementor-widget-wrap elementor-element-populated\">\n\t\t\t\t\t\t<div class=\"elementor-element elementor-element-413a9df elementor-widget elementor-widget-text-editor\" data-id=\"413a9df\" data-element_type=\"widget\" data-e-type=\"widget\" data-widget_type=\"text-editor.default\">\n\t\t\t\t<div class=\"elementor-widget-container\">\n\t\t\t\t\t\t\t\t\t<p>Wheeler Cleaner se r\u00e9serve le droit de prendre des photos lors des prestations mais s&rsquo;engage que aucune information personnelle soit exploitable par le biais de celles-ci. Si un client ne d\u00e9sire pas avoir son v\u00e9hicule prit en photo, il doit le signaler avant la prestation.<\/p><p>Les donn\u00e9es personnelles des clients ne sont utilis\u00e9s qu&rsquo;\u00e0 des fins de facturation ou interne \u00e0 l&rsquo;entreprise. Si le client ne d\u00e9sire pas recevoir des mails informatifs ou publicitaire, il peut le signaler par mail \u00e0 l&rsquo;adresse : julien@wheelercleaner.be <\/p>\t\t\t\t\t\t\t\t<\/div>\n\t\t\t\t<\/div>\n\t\t\t\t\t<\/div>\n\t\t<\/div>\n\t\t\t\t\t<\/div>\n\t\t<\/section>\n\t\t\t\t<section class=\"elementor-section elementor-top-section elementor-element elementor-element-aeaf17b elementor-section-boxed elementor-section-height-default elementor-section-height-default\" data-id=\"aeaf17b\" data-element_type=\"section\" data-e-type=\"section\">\n\t\t\t\t\t\t<div class=\"elementor-container elementor-column-gap-default\">\n\t\t\t\t\t<div class=\"elementor-column elementor-col-100 elementor-top-column elementor-element elementor-element-3201cd2\" data-id=\"3201cd2\" data-element_type=\"column\" data-e-type=\"column\">\n\t\t\t<div class=\"elementor-widget-wrap elementor-element-populated\">\n\t\t\t\t\t\t<div class=\"elementor-element elementor-element-6564574 elementor-widget elementor-widget-heading\" data-id=\"6564574\" data-element_type=\"widget\" data-e-type=\"widget\" data-widget_type=\"heading.default\">\n\t\t\t\t<div class=\"elementor-widget-container\">\n\t\t\t\t\t<h2 class=\"elementor-heading-title elementor-size-medium\">Coordonn\u00e9es commerciales<\/h2>\t\t\t\t<\/div>\n\t\t\t\t<\/div>\n\t\t\t\t\t<\/div>\n\t\t<\/div>\n\t\t\t\t\t<\/div>\n\t\t<\/section>\n\t\t\t\t<section class=\"elementor-section elementor-top-section elementor-element elementor-element-bb3cc64 elementor-section-boxed elementor-section-height-default elementor-section-height-default\" data-id=\"bb3cc64\" data-element_type=\"section\" data-e-type=\"section\">\n\t\t\t\t\t\t<div class=\"elementor-container elementor-column-gap-default\">\n\t\t\t\t\t<div class=\"elementor-column elementor-col-100 elementor-top-column elementor-element elementor-element-b7eeecf\" data-id=\"b7eeecf\" data-element_type=\"column\" data-e-type=\"column\">\n\t\t\t<div class=\"elementor-widget-wrap elementor-element-populated\">\n\t\t\t\t\t\t<div class=\"elementor-element elementor-element-76fccf1 elementor-widget elementor-widget-text-editor\" data-id=\"76fccf1\" data-element_type=\"widget\" data-e-type=\"widget\" data-widget_type=\"text-editor.default\">\n\t\t\t\t<div class=\"elementor-widget-container\">\n\t\t\t\t\t\t\t\t\t<p>Wheeler Cleaner est le nom commercial pour la soci\u00e9t\u00e9 NIGHT57 SRL, dont le si\u00e8ge est situ\u00e9 \u00e0 la rue du Masy n\u00b022 \u00e0 6040 Jumet.<br \/>Le num\u00e9ro de tva exploit\u00e9 est BE0534994788.<\/p><p>Contact : julien@wheelercleaner.be &#8211; 0474 419535<\/p>\t\t\t\t\t\t\t\t<\/div>\n\t\t\t\t<\/div>\n\t\t\t\t\t<\/div>\n\t\t<\/div>\n\t\t\t\t\t<\/div>\n\t\t<\/section>\n\t\t\t\t<\/div>\n\t\t","protected":false},"excerpt":{"rendered":"<p>Derni\u00e8re mise \u00e0 jour le 05\/09\/2023 Conditions g\u00e9n\u00e9rales de ventes Validit\u00e9 Les dispositions des pr\u00e9sentes conditions g\u00e9n\u00e9rales font partie int\u00e9grante de nos offres. En passant commande ou en acceptant un rendez-vous,le client confirme son acceptation pleine et enti\u00e8re des pr\u00e9sentes conditions g\u00e9n\u00e9rales de ventes. Seules ces derni\u00e8res sont valables et prennent le droit par rapport &hellip;<\/p>\n<p class=\"read-more\"> <a class=\"\" href=\"https:\/\/www.wheelercleaner.be\/index.php\/conditions-generales-de-ventes\/\"> <span class=\"screen-reader-text\">Conditions g\u00e9n\u00e9rales de ventes<\/span> Read More &raquo;<\/a><\/p>\n","protected":false},"author":1,"featured_media":0,"parent":0,"menu_order":0,"comment_status":"closed","ping_status":"closed","template":"","meta":{"_seopress_robots_primary_cat":"","_seopress_titles_title":"","_seopress_titles_desc":"","_seopress_robots_index":"","site-sidebar-layout":"no-sidebar","site-content-layout":"page-builder","ast-site-content-layout":"default","site-content-style":"default","site-sidebar-style":"default","ast-global-header-display":"","ast-banner-title-visibility":"","ast-main-header-display":"","ast-hfb-above-header-display":"","ast-hfb-below-header-display":"","ast-hfb-mobile-header-display":"","site-post-title":"disabled","ast-breadcrumbs-content":"","ast-featured-img":"disabled","footer-sml-layout":"","theme-transparent-header-meta":"","adv-header-id-meta":"","stick-header-meta":"","header-above-stick-meta":"","header-main-stick-meta":"","header-below-stick-meta":"","astra-migrate-meta-layouts":"set","ngg_post_thumbnail":0,"footnotes":""},"class_list":["post-969","page","type-page","status-publish","hentry"],"jetpack_sharing_enabled":true,"_links":{"self":[{"href":"https:\/\/www.wheelercleaner.be\/index.php\/wp-json\/wp\/v2\/pages\/969","targetHints":{"allow":["GET"]}}],"collection":[{"href":"https:\/\/www.wheelercleaner.be\/index.php\/wp-json\/wp\/v2\/pages"}],"about":[{"href":"https:\/\/www.wheelercleaner.be\/index.php\/wp-json\/wp\/v2\/types\/page"}],"author":[{"embeddable":true,"href":"https:\/\/www.wheelercleaner.be\/index.php\/wp-json\/wp\/v2\/users\/1"}],"replies":[{"embeddable":true,"href":"https:\/\/www.wheelercleaner.be\/index.php\/wp-json\/wp\/v2\/comments?post=969"}],"version-history":[{"count":41,"href":"https:\/\/www.wheelercleaner.be\/index.php\/wp-json\/wp\/v2\/pages\/969\/revisions"}],"predecessor-version":[{"id":1191,"href":"https:\/\/www.wheelercleaner.be\/index.php\/wp-json\/wp\/v2\/pages\/969\/revisions\/1191"}],"wp:attachment":[{"href":"https:\/\/www.wheelercleaner.be\/index.php\/wp-json\/wp\/v2\/media?parent=969"}],"curies":[{"name":"wp","href":"https:\/\/api.w.org\/{rel}","templated":true}]}}